{"id":28248,"date":"2025-11-11T22:18:22","date_gmt":"2025-11-11T20:18:22","guid":{"rendered":"https:\/\/www.nordi.ee\/toode\/tool-vanil-vanill\/"},"modified":"2026-04-13T05:08:42","modified_gmt":"2026-04-13T02:08:42","slug":"tool-vanil-vanill","status":"publish","type":"product","link":"https:\/\/www.nordi.ee\/en\/toode\/tool-vanil-vanill\/","title":{"rendered":"Tool VANIL, vanill"},"content":{"rendered":"<p>m\u00f5\u00f5tmed: 44\/44\/99\/48 cm, tool vedrude jaotusega, materjal: kroomteras \/ \u00f6kobee\u017e, v\u00e4rv: vanilje<\/p>\n","protected":false},"excerpt":{"rendered":"<p>m\u00f5\u00f5tmed: 44\/44\/99\/48 cm, tool vedrude jaotusega, materjal: kroomteras \/ \u00f6kobee\u017e, v\u00e4rv: vanilje<\/p>\n","protected":false},"featured_media":13664,"comment_status":"closed","ping_status":"open","template":"","meta":{"_gspb_post_css":""},"product_brand":[],"product_cat":[167,180],"product_tag":[],"class_list":{"0":"post-28248","1":"product","2":"type-product","3":"status-publish","4":"has-post-thumbnail","6":"product_cat-soogituba","7":"product_cat-toolid","8":"pa_vahelaos-ei","10":"first","11":"instock","12":"sale","13":"purchasable","14":"product-type-simple"},"_links":{"self":[{"href":"https:\/\/www.nordi.ee\/en\/wp-json\/wp\/v2\/product\/28248","targetHints":{"allow":["GET"]}}],"collection":[{"href":"https:\/\/www.nordi.ee\/en\/wp-json\/wp\/v2\/product"}],"about":[{"href":"https:\/\/www.nordi.ee\/en\/wp-json\/wp\/v2\/types\/product"}],"replies":[{"embeddable":true,"href":"https:\/\/www.nordi.ee\/en\/wp-json\/wp\/v2\/comments?post=28248"}],"wp:featuredmedia":[{"embeddable":true,"href":"https:\/\/www.nordi.ee\/en\/wp-json\/wp\/v2\/media\/13664"}],"wp:attachment":[{"href":"https:\/\/www.nordi.ee\/en\/wp-json\/wp\/v2\/media?parent=28248"}],"wp:term":[{"taxonomy":"product_brand","embeddable":true,"href":"https:\/\/www.nordi.ee\/en\/wp-json\/wp\/v2\/product_brand?post=28248"},{"taxonomy":"product_cat","embeddable":true,"href":"https:\/\/www.nordi.ee\/en\/wp-json\/wp\/v2\/product_cat?post=28248"},{"taxonomy":"product_tag","embeddable":true,"href":"https:\/\/www.nordi.ee\/en\/wp-json\/wp\/v2\/product_tag?post=28248"}],"curies":[{"name":"wp","href":"https:\/\/api.w.org\/{rel}","templated":true}]}}