{"id":28231,"date":"2025-11-11T22:17:43","date_gmt":"2025-11-11T20:17:43","guid":{"rendered":"https:\/\/www.nordi.ee\/toode\/k211-tool-varv-beez-2\/"},"modified":"2026-04-13T05:08:32","modified_gmt":"2026-04-13T02:08:32","slug":"parion-tool-varv-beez-2","status":"publish","type":"product","link":"https:\/\/www.nordi.ee\/en\/toode\/parion-tool-varv-beez-2\/","title":{"rendered":"Tool PARION, bee\u017e"},"content":{"rendered":"<p>m\u00f5\u00f5dud: 42\/60\/97\/47 cm, materjal: krommetall \/ \u00f6kokunstnahk, v\u00e4rv: bee\u017e<\/p>\n","protected":false},"excerpt":{"rendered":"<p>m\u00f5\u00f5dud: 42\/60\/97\/47 cm, materjal: krommetall \/ \u00f6kokunstnahk, v\u00e4rv: bee\u017e<\/p>\n","protected":false},"featured_media":13619,"comment_status":"closed","ping_status":"closed","template":"","meta":{"_gspb_post_css":""},"product_brand":[],"product_cat":[167,180],"product_tag":[],"class_list":{"0":"post-28231","1":"product","2":"type-product","3":"status-publish","4":"has-post-thumbnail","6":"product_cat-soogituba","7":"product_cat-toolid","8":"pa_istmekorgus-731","9":"pa_kanga-tuup-kunstnahk","10":"pa_kanga-varv-beez","11":"pa_korgus-474","12":"pa_laius-722","13":"pa_lisafunktsioonid-kaepidemed","14":"pa_pakkide-arv-295","15":"pa_raami-materjal-metall","16":"pa_raami-tuup-u-kujuline-alus","17":"pa_raami-varv-kroomitud","18":"pa_stiil-kaasaegne","19":"pa_sugavus-316","20":"pa_vahelaos-jah","21":"pa_varv-beez","22":"pa_varv-kroomitud","23":"pa_virnastatav-ei","25":"first","26":"instock","27":"sale","28":"purchasable","29":"product-type-simple"},"_links":{"self":[{"href":"https:\/\/www.nordi.ee\/en\/wp-json\/wp\/v2\/product\/28231","targetHints":{"allow":["GET"]}}],"collection":[{"href":"https:\/\/www.nordi.ee\/en\/wp-json\/wp\/v2\/product"}],"about":[{"href":"https:\/\/www.nordi.ee\/en\/wp-json\/wp\/v2\/types\/product"}],"replies":[{"embeddable":true,"href":"https:\/\/www.nordi.ee\/en\/wp-json\/wp\/v2\/comments?post=28231"}],"wp:featuredmedia":[{"embeddable":true,"href":"https:\/\/www.nordi.ee\/en\/wp-json\/wp\/v2\/media\/13619"}],"wp:attachment":[{"href":"https:\/\/www.nordi.ee\/en\/wp-json\/wp\/v2\/media?parent=28231"}],"wp:term":[{"taxonomy":"product_brand","embeddable":true,"href":"https:\/\/www.nordi.ee\/en\/wp-json\/wp\/v2\/product_brand?post=28231"},{"taxonomy":"product_cat","embeddable":true,"href":"https:\/\/www.nordi.ee\/en\/wp-json\/wp\/v2\/product_cat?post=28231"},{"taxonomy":"product_tag","embeddable":true,"href":"https:\/\/www.nordi.ee\/en\/wp-json\/wp\/v2\/product_tag?post=28231"}],"curies":[{"name":"wp","href":"https:\/\/api.w.org\/{rel}","templated":true}]}}