{"id":28206,"date":"2025-11-11T22:16:13","date_gmt":"2025-11-11T20:16:13","guid":{"rendered":"https:\/\/www.nordi.ee\/toode\/tool-kavon-must\/"},"modified":"2026-04-13T05:08:25","modified_gmt":"2026-04-13T02:08:25","slug":"tool-kavon-must","status":"publish","type":"product","link":"https:\/\/www.nordi.ee\/en\/toode\/tool-kavon-must\/","title":{"rendered":"Tool KAVON, must"},"content":{"rendered":"<p>m\u00f5\u00f5tmed: 48\/57\/80 cm, materjal: massiivne puit \/ ABS \/ \u00f6koliim, v\u00e4rv: puit &#8211; p\u00f6\u00f6k, ABS &#8211; must<\/p>\n","protected":false},"excerpt":{"rendered":"<p>m\u00f5\u00f5tmed: 48\/57\/80 cm, materjal: massiivne puit \/ ABS \/ \u00f6koliim, v\u00e4rv: puit &#8211; p\u00f6\u00f6k, ABS &#8211; must<\/p>\n","protected":false},"featured_media":13575,"comment_status":"closed","ping_status":"open","template":"","meta":{"_gspb_post_css":""},"product_brand":[],"product_cat":[167,180],"product_tag":[],"class_list":{"0":"post-28206","1":"product","2":"type-product","3":"status-publish","4":"has-post-thumbnail","6":"product_cat-soogituba","7":"product_cat-toolid","8":"pa_istmekorgus-759","9":"pa_kanga-tuup-kunstnahk","10":"pa_kanga-varv-must","11":"pa_korgus-910","12":"pa_laius-967","13":"pa_pakkide-arv-226","14":"pa_raami-materjal-puit","15":"pa_raami-tuup-sirged-jalad","16":"pa_raami-varv-pook","17":"pa_stiil-skandinaavia","18":"pa_sugavus-604","19":"pa_vahelaos-jah","20":"pa_varv-must","21":"pa_varv-pook","22":"pa_virnastatav-ei","24":"first","25":"instock","26":"sale","27":"purchasable","28":"product-type-simple"},"_links":{"self":[{"href":"https:\/\/www.nordi.ee\/en\/wp-json\/wp\/v2\/product\/28206","targetHints":{"allow":["GET"]}}],"collection":[{"href":"https:\/\/www.nordi.ee\/en\/wp-json\/wp\/v2\/product"}],"about":[{"href":"https:\/\/www.nordi.ee\/en\/wp-json\/wp\/v2\/types\/product"}],"replies":[{"embeddable":true,"href":"https:\/\/www.nordi.ee\/en\/wp-json\/wp\/v2\/comments?post=28206"}],"wp:featuredmedia":[{"embeddable":true,"href":"https:\/\/www.nordi.ee\/en\/wp-json\/wp\/v2\/media\/13575"}],"wp:attachment":[{"href":"https:\/\/www.nordi.ee\/en\/wp-json\/wp\/v2\/media?parent=28206"}],"wp:term":[{"taxonomy":"product_brand","embeddable":true,"href":"https:\/\/www.nordi.ee\/en\/wp-json\/wp\/v2\/product_brand?post=28206"},{"taxonomy":"product_cat","embeddable":true,"href":"https:\/\/www.nordi.ee\/en\/wp-json\/wp\/v2\/product_cat?post=28206"},{"taxonomy":"product_tag","embeddable":true,"href":"https:\/\/www.nordi.ee\/en\/wp-json\/wp\/v2\/product_tag?post=28206"}],"curies":[{"name":"wp","href":"https:\/\/api.w.org\/{rel}","templated":true}]}}