{"id":28163,"date":"2025-11-11T22:13:30","date_gmt":"2025-11-11T20:13:30","guid":{"rendered":"https:\/\/www.nordi.ee\/toode\/kirjutuslaud-julia-mand\/"},"modified":"2026-04-13T05:08:13","modified_gmt":"2026-04-13T02:08:13","slug":"kirjutuslaud-julia-mand","status":"publish","type":"product","link":"https:\/\/www.nordi.ee\/en\/toode\/kirjutuslaud-julia-mand\/","title":{"rendered":"Kirjutuslaud JULIA, m\u00e4nd"},"content":{"rendered":"<p>Reguleeritava k\u00f5rguse ja laua tipu kaldega laud, m\u00f5\u00f5dud: 109\/55\/63\u00f796 cm, materjal: lakkpuit m\u00e4nnipuu, v\u00e4rv: m\u00e4nd.<\/p>\n","protected":false},"excerpt":{"rendered":"<p>Reguleeritava k\u00f5rguse ja laua tipu kaldega laud, m\u00f5\u00f5dud: 109\/55\/63\u00f796 cm, materjal: lakkpuit m\u00e4nnipuu, v\u00e4rv: m\u00e4nd.<\/p>\n","protected":false},"featured_media":13524,"comment_status":"closed","ping_status":"open","template":"","meta":{"_gspb_post_css":""},"product_brand":[],"product_cat":[196,216],"product_tag":[],"class_list":{"0":"post-28163","1":"product","2":"type-product","3":"status-publish","4":"has-post-thumbnail","6":"product_cat-kirjutuslauad","7":"product_cat-kontor","8":"pa_korgus-2529","9":"pa_laius-1515","10":"pa_materjal-taispuit","11":"pa_pakkide-arv-226","12":"pa_stiil-traditsiooniline","13":"pa_sugavus-539","14":"pa_vahelaos-jah","15":"pa_varv-mand","17":"first","18":"instock","19":"sale","20":"purchasable","21":"product-type-simple"},"_links":{"self":[{"href":"https:\/\/www.nordi.ee\/en\/wp-json\/wp\/v2\/product\/28163","targetHints":{"allow":["GET"]}}],"collection":[{"href":"https:\/\/www.nordi.ee\/en\/wp-json\/wp\/v2\/product"}],"about":[{"href":"https:\/\/www.nordi.ee\/en\/wp-json\/wp\/v2\/types\/product"}],"replies":[{"embeddable":true,"href":"https:\/\/www.nordi.ee\/en\/wp-json\/wp\/v2\/comments?post=28163"}],"wp:featuredmedia":[{"embeddable":true,"href":"https:\/\/www.nordi.ee\/en\/wp-json\/wp\/v2\/media\/13524"}],"wp:attachment":[{"href":"https:\/\/www.nordi.ee\/en\/wp-json\/wp\/v2\/media?parent=28163"}],"wp:term":[{"taxonomy":"product_brand","embeddable":true,"href":"https:\/\/www.nordi.ee\/en\/wp-json\/wp\/v2\/product_brand?post=28163"},{"taxonomy":"product_cat","embeddable":true,"href":"https:\/\/www.nordi.ee\/en\/wp-json\/wp\/v2\/product_cat?post=28163"},{"taxonomy":"product_tag","embeddable":true,"href":"https:\/\/www.nordi.ee\/en\/wp-json\/wp\/v2\/product_tag?post=28163"}],"curies":[{"name":"wp","href":"https:\/\/api.w.org\/{rel}","templated":true}]}}