{"id":28133,"date":"2025-11-11T22:13:30","date_gmt":"2025-11-11T20:13:30","guid":{"rendered":"https:\/\/www.nordi.ee\/toode\/soogilaud-jospeh\/"},"modified":"2026-04-13T05:08:12","modified_gmt":"2026-04-13T02:08:12","slug":"soogilaud-jospeh","status":"publish","type":"product","link":"https:\/\/www.nordi.ee\/en\/toode\/soogilaud-jospeh\/","title":{"rendered":"S\u00f6\u00f6gilaud JOSPEH"},"content":{"rendered":"<p>m\u00f5\u00f5tmed: 150-190\/90\/77 cm, pikendatav la tables, materjal: lakitud MDF \/ t\u00e4ispuit, v\u00e4rv: valge  n* See toode on valmistatud k\u00e4sitsi. V\u00e4ikesed eba\u00fchtlused v\u00f5ivad olla n\u00e4htavad ja on osa k\u00e4sit\u00f6\u00f6 toote v\u00f5lust. See on toote ainulaadsus ja seda ei peaks peetakse tootmisveaks. Need ei m\u00f5juta toote \u00fcldist esteetikat ega selle kasutusv\u00f5imet soositud viisil.<\/p>\n","protected":false},"excerpt":{"rendered":"<p>m\u00f5\u00f5tmed: 150-190\/90\/77 cm, pikendatav la tables, materjal: lakitud MDF \/ t\u00e4ispuit, v\u00e4rv: valge n* See toode on valmistatud k\u00e4sitsi. V\u00e4ikesed eba\u00fchtlused v\u00f5ivad olla n\u00e4htavad ja on osa k\u00e4sit\u00f6\u00f6 toote v\u00f5lust. See on toote ainulaadsus ja seda ei peaks peetakse tootmisveaks. Need ei m\u00f5juta toote \u00fcldist esteetikat ega selle kasutusv\u00f5imet soositud viisil.<\/p>\n","protected":false},"featured_media":13512,"comment_status":"closed","ping_status":"open","template":"","meta":{"_gspb_post_css":""},"product_brand":[],"product_cat":[190,167],"product_tag":[],"class_list":{"0":"post-28133","1":"product","2":"type-product","3":"status-publish","4":"has-post-thumbnail","6":"product_cat-soogilauad","7":"product_cat-soogituba","8":"pa_jalgade-arv-547","9":"pa_korgus-505","10":"pa_laius-349","11":"pa_laua-suurus-6-person-8-person","12":"pa_laua-varvus-valge","13":"pa_laua-viimistlus-matt","14":"pa_lauaplaadi-kuju-ovaalne","15":"pa_lauaplaadi-materjal-lakitud-mdf","16":"pa_maximum-pikkus-4219","17":"pa_pakkide-arv-295","18":"pa_pikendatav-jah","19":"pa_raami-materjal-puit","20":"pa_stiil-klassikaline","21":"pa_sugavus-4110","22":"pa_vahelaos-ei","23":"pa_varv-valge","25":"first","26":"instock","27":"sale","28":"purchasable","29":"product-type-simple"},"_links":{"self":[{"href":"https:\/\/www.nordi.ee\/en\/wp-json\/wp\/v2\/product\/28133","targetHints":{"allow":["GET"]}}],"collection":[{"href":"https:\/\/www.nordi.ee\/en\/wp-json\/wp\/v2\/product"}],"about":[{"href":"https:\/\/www.nordi.ee\/en\/wp-json\/wp\/v2\/types\/product"}],"replies":[{"embeddable":true,"href":"https:\/\/www.nordi.ee\/en\/wp-json\/wp\/v2\/comments?post=28133"}],"wp:featuredmedia":[{"embeddable":true,"href":"https:\/\/www.nordi.ee\/en\/wp-json\/wp\/v2\/media\/13512"}],"wp:attachment":[{"href":"https:\/\/www.nordi.ee\/en\/wp-json\/wp\/v2\/media?parent=28133"}],"wp:term":[{"taxonomy":"product_brand","embeddable":true,"href":"https:\/\/www.nordi.ee\/en\/wp-json\/wp\/v2\/product_brand?post=28133"},{"taxonomy":"product_cat","embeddable":true,"href":"https:\/\/www.nordi.ee\/en\/wp-json\/wp\/v2\/product_cat?post=28133"},{"taxonomy":"product_tag","embeddable":true,"href":"https:\/\/www.nordi.ee\/en\/wp-json\/wp\/v2\/product_tag?post=28133"}],"curies":[{"name":"wp","href":"https:\/\/api.w.org\/{rel}","templated":true}]}}