{"id":28078,"date":"2025-11-11T22:10:14","date_gmt":"2025-11-11T20:10:14","guid":{"rendered":"https:\/\/www.nordi.ee\/toode\/soogilaua-komplekt-jasper\/"},"modified":"2026-04-15T05:04:38","modified_gmt":"2026-04-15T02:04:38","slug":"soogilaua-komplekt-jasper","status":"publish","type":"product","link":"https:\/\/www.nordi.ee\/en\/toode\/soogilaua-komplekt-jasper\/","title":{"rendered":"S\u00f6\u00f6gilaua komplekt JASPER"},"content":{"rendered":"<p>JASPER komplekt laud + 4 tooli, m\u00f5\u00f5tmed: laud 110-170\/70\/76 cm, tool 44\/58\/89\/47 cm, materjal: klaas \/ pulberkattega teras, v\u00e4rv: must \/ hall.<\/p>\n","protected":false},"excerpt":{"rendered":"<p>JASPER komplekt laud + 4 tooli, m\u00f5\u00f5tmed: laud 110-170\/70\/76 cm, tool 44\/58\/89\/47 cm, materjal: klaas \/ pulberkattega teras, v\u00e4rv: must \/ hall.<\/p>\n","protected":false},"featured_media":13480,"comment_status":"closed","ping_status":"open","template":"","meta":{"_gspb_post_css":""},"product_brand":[],"product_cat":[211,167],"product_tag":[],"class_list":{"0":"post-28078","1":"product","2":"type-product","3":"status-publish","4":"has-post-thumbnail","6":"product_cat-soogilaua-komplektid","7":"product_cat-soogituba","8":"pa_jalgade-arv-289","9":"pa_korgus-406","10":"pa_laius-427","11":"pa_laua-suurus-4-person","12":"pa_laua-varvus-must","13":"pa_lauaplaadi-kuju-ristkulikukujuline","14":"pa_lauaplaadi-materjal-klaas","15":"pa_maximum-pikkus-4218","16":"pa_pakkide-arv-466","17":"pa_pikendatav-jah","18":"pa_raami-materjal-metall","19":"pa_raami-varv-must","20":"pa_stiil-traditsiooniline","21":"pa_sugavus-1482","22":"pa_vahelaos-jah","23":"pa_varv-hall","24":"pa_varv-must","26":"first","27":"instock","28":"sale","29":"purchasable","30":"product-type-simple"},"_links":{"self":[{"href":"https:\/\/www.nordi.ee\/en\/wp-json\/wp\/v2\/product\/28078","targetHints":{"allow":["GET"]}}],"collection":[{"href":"https:\/\/www.nordi.ee\/en\/wp-json\/wp\/v2\/product"}],"about":[{"href":"https:\/\/www.nordi.ee\/en\/wp-json\/wp\/v2\/types\/product"}],"replies":[{"embeddable":true,"href":"https:\/\/www.nordi.ee\/en\/wp-json\/wp\/v2\/comments?post=28078"}],"wp:featuredmedia":[{"embeddable":true,"href":"https:\/\/www.nordi.ee\/en\/wp-json\/wp\/v2\/media\/13480"}],"wp:attachment":[{"href":"https:\/\/www.nordi.ee\/en\/wp-json\/wp\/v2\/media?parent=28078"}],"wp:term":[{"taxonomy":"product_brand","embeddable":true,"href":"https:\/\/www.nordi.ee\/en\/wp-json\/wp\/v2\/product_brand?post=28078"},{"taxonomy":"product_cat","embeddable":true,"href":"https:\/\/www.nordi.ee\/en\/wp-json\/wp\/v2\/product_cat?post=28078"},{"taxonomy":"product_tag","embeddable":true,"href":"https:\/\/www.nordi.ee\/en\/wp-json\/wp\/v2\/product_tag?post=28078"}],"curies":[{"name":"wp","href":"https:\/\/api.w.org\/{rel}","templated":true}]}}