{"id":28029,"date":"2025-11-11T22:07:56","date_gmt":"2025-11-11T20:07:56","guid":{"rendered":"https:\/\/www.nordi.ee\/toode\/jamal-mugavustooli-varv-beez\/"},"modified":"2026-04-13T05:08:04","modified_gmt":"2026-04-13T02:08:04","slug":"tugitool-jam-elektrilne-recliner-beez","status":"publish","type":"product","link":"https:\/\/www.nordi.ee\/en\/toode\/tugitool-jam-elektrilne-recliner-beez\/","title":{"rendered":"Tugitool JAM elektriline recliner, bee\u017e"},"content":{"rendered":"<p>m\u00f5\u00f5tmed: 80\/90-160\/105\/47 cm; elektrilise kokkuklapitava funktsiooniga lamamistool \/ USB pesa, materjal: kangas &#8211; ODIN, v\u00e4rv: bee\u017e ODIN#28<\/p>\n","protected":false},"excerpt":{"rendered":"<p>m\u00f5\u00f5tmed: 80\/90-160\/105\/47 cm; elektrilise kokkuklapitava funktsiooniga lamamistool \/ USB pesa, materjal: kangas &#8211; ODIN, v\u00e4rv: bee\u017e ODIN#28<\/p>\n","protected":false},"featured_media":13464,"comment_status":"closed","ping_status":"closed","template":"","meta":{"_gspb_post_css":""},"product_brand":[],"product_cat":[215,188],"product_tag":[],"class_list":{"0":"post-28029","1":"product","2":"type-product","3":"status-publish","4":"has-post-thumbnail","6":"product_cat-pehme-moobel","7":"product_cat-tugitoolid","8":"pa_istmekorgus-731","9":"pa_kanga-tuup-odin-kangas","10":"pa_kanga-varv-beez","11":"pa_korgus-1124","12":"pa_laius-353","13":"pa_lisafunktsioonid-recliner-funktsioon","14":"pa_pakkide-arv-226","15":"pa_stiil-traditsiooniline","16":"pa_sugavus-351","17":"pa_vahelaos-jah","18":"pa_varv-beez","20":"first","21":"instock","22":"sale","23":"purchasable","24":"product-type-simple"},"_links":{"self":[{"href":"https:\/\/www.nordi.ee\/en\/wp-json\/wp\/v2\/product\/28029","targetHints":{"allow":["GET"]}}],"collection":[{"href":"https:\/\/www.nordi.ee\/en\/wp-json\/wp\/v2\/product"}],"about":[{"href":"https:\/\/www.nordi.ee\/en\/wp-json\/wp\/v2\/types\/product"}],"replies":[{"embeddable":true,"href":"https:\/\/www.nordi.ee\/en\/wp-json\/wp\/v2\/comments?post=28029"}],"wp:featuredmedia":[{"embeddable":true,"href":"https:\/\/www.nordi.ee\/en\/wp-json\/wp\/v2\/media\/13464"}],"wp:attachment":[{"href":"https:\/\/www.nordi.ee\/en\/wp-json\/wp\/v2\/media?parent=28029"}],"wp:term":[{"taxonomy":"product_brand","embeddable":true,"href":"https:\/\/www.nordi.ee\/en\/wp-json\/wp\/v2\/product_brand?post=28029"},{"taxonomy":"product_cat","embeddable":true,"href":"https:\/\/www.nordi.ee\/en\/wp-json\/wp\/v2\/product_cat?post=28029"},{"taxonomy":"product_tag","embeddable":true,"href":"https:\/\/www.nordi.ee\/en\/wp-json\/wp\/v2\/product_tag?post=28029"}],"curies":[{"name":"wp","href":"https:\/\/api.w.org\/{rel}","templated":true}]}}