{"id":28008,"date":"2025-11-11T22:07:56","date_gmt":"2025-11-11T20:07:56","guid":{"rendered":"https:\/\/www.nordi.ee\/toode\/peegel-ivory-hobedane\/"},"modified":"2026-04-13T05:08:02","modified_gmt":"2026-04-13T02:08:02","slug":"peegel-ivory-hobedane","status":"publish","type":"product","link":"https:\/\/www.nordi.ee\/en\/toode\/peegel-ivory-hobedane\/","title":{"rendered":"Peegel IVORY, h\u00f5bedane"},"content":{"rendered":"<p>riputatav peegel, m\u00f5\u00f5tmed: 120\/80\/3 cm, materjal: raam &#8211; painutatud klaas, kaldega \/ alus &#8211; MDF plaat, peegel, v\u00e4rv: h\u00f5be<\/p>\n","protected":false},"excerpt":{"rendered":"<p>riputatav peegel, m\u00f5\u00f5tmed: 120\/80\/3 cm, materjal: raam &#8211; painutatud klaas, kaldega \/ alus &#8211; MDF plaat, peegel, v\u00e4rv: h\u00f5be<\/p>\n","protected":false},"featured_media":13456,"comment_status":"closed","ping_status":"open","template":"","meta":{"_gspb_post_css":""},"product_brand":[],"product_cat":[181],"product_tag":[],"class_list":{"0":"post-28008","1":"product","2":"type-product","3":"status-publish","4":"has-post-thumbnail","6":"product_cat-peeglid","7":"pa_korgus-354","8":"pa_laius-353","9":"pa_materjal-klaas","10":"pa_pakkide-arv-226","11":"pa_raami-materjal-kumer-peegel","12":"pa_stiil-glamuur","13":"pa_stiil-moodne","14":"pa_sugavus-1010","15":"pa_vahelaos-jah","16":"pa_varv-hobedane","18":"first","19":"instock","20":"sale","21":"purchasable","22":"product-type-simple"},"_links":{"self":[{"href":"https:\/\/www.nordi.ee\/en\/wp-json\/wp\/v2\/product\/28008","targetHints":{"allow":["GET"]}}],"collection":[{"href":"https:\/\/www.nordi.ee\/en\/wp-json\/wp\/v2\/product"}],"about":[{"href":"https:\/\/www.nordi.ee\/en\/wp-json\/wp\/v2\/types\/product"}],"replies":[{"embeddable":true,"href":"https:\/\/www.nordi.ee\/en\/wp-json\/wp\/v2\/comments?post=28008"}],"wp:featuredmedia":[{"embeddable":true,"href":"https:\/\/www.nordi.ee\/en\/wp-json\/wp\/v2\/media\/13456"}],"wp:attachment":[{"href":"https:\/\/www.nordi.ee\/en\/wp-json\/wp\/v2\/media?parent=28008"}],"wp:term":[{"taxonomy":"product_brand","embeddable":true,"href":"https:\/\/www.nordi.ee\/en\/wp-json\/wp\/v2\/product_brand?post=28008"},{"taxonomy":"product_cat","embeddable":true,"href":"https:\/\/www.nordi.ee\/en\/wp-json\/wp\/v2\/product_cat?post=28008"},{"taxonomy":"product_tag","embeddable":true,"href":"https:\/\/www.nordi.ee\/en\/wp-json\/wp\/v2\/product_tag?post=28008"}],"curies":[{"name":"wp","href":"https:\/\/api.w.org\/{rel}","templated":true}]}}