{"id":27992,"date":"2025-11-11T22:06:34","date_gmt":"2025-11-11T20:06:34","guid":{"rendered":"https:\/\/www.nordi.ee\/toode\/diivanilaud-isabel\/"},"modified":"2026-04-13T05:08:01","modified_gmt":"2026-04-13T02:08:01","slug":"diivanilaud-isabel","status":"publish","type":"product","link":"https:\/\/www.nordi.ee\/en\/toode\/diivanilaud-isabel\/","title":{"rendered":"Kohvilaud  ISABEL, kuld \/ must marmor"},"content":{"rendered":"<p>m\u00f5\u00f5tmed: \u00d860\/45 cm, materjal: klaas \/ kroomteras, v\u00e4rv: \u00fclemine &#8211; tume marmor, raam &#8211; \u0161ampanja<\/p>\n","protected":false},"excerpt":{"rendered":"<p>m\u00f5\u00f5tmed: \u00d860\/45 cm, materjal: klaas \/ kroomteras, v\u00e4rv: \u00fclemine &#8211; tume marmor, raam &#8211; \u0161ampanja<\/p>\n","protected":false},"featured_media":13445,"comment_status":"closed","ping_status":"closed","template":"","meta":{"_gspb_post_css":""},"product_brand":[],"product_cat":[178,165],"product_tag":[],"class_list":{"0":"post-27992","1":"product","2":"type-product","3":"status-publish","4":"has-post-thumbnail","6":"product_cat-diivanilauad","7":"product_cat-elutuba","8":"pa_korgus-343","9":"pa_laius-310","10":"pa_laua-varvus-must-marmor","11":"pa_laua-viimistlus-laikiv","12":"pa_lauaplaadi-kuju-ummargune","13":"pa_lauaplaadi-materjal-klaas","14":"pa_materjal-kroomitud-teras","15":"pa_pakkide-arv-226","16":"pa_raami-materjal-metall","17":"pa_raami-varv-kuldne","18":"pa_stiil-glamuur","19":"pa_stiil-moodne","20":"pa_sugavus-316","21":"pa_vahelaos-jah","22":"pa_varv-beez","24":"first","25":"instock","26":"sale","27":"purchasable","28":"product-type-simple"},"_links":{"self":[{"href":"https:\/\/www.nordi.ee\/en\/wp-json\/wp\/v2\/product\/27992","targetHints":{"allow":["GET"]}}],"collection":[{"href":"https:\/\/www.nordi.ee\/en\/wp-json\/wp\/v2\/product"}],"about":[{"href":"https:\/\/www.nordi.ee\/en\/wp-json\/wp\/v2\/types\/product"}],"replies":[{"embeddable":true,"href":"https:\/\/www.nordi.ee\/en\/wp-json\/wp\/v2\/comments?post=27992"}],"wp:featuredmedia":[{"embeddable":true,"href":"https:\/\/www.nordi.ee\/en\/wp-json\/wp\/v2\/media\/13445"}],"wp:attachment":[{"href":"https:\/\/www.nordi.ee\/en\/wp-json\/wp\/v2\/media?parent=27992"}],"wp:term":[{"taxonomy":"product_brand","embeddable":true,"href":"https:\/\/www.nordi.ee\/en\/wp-json\/wp\/v2\/product_brand?post=27992"},{"taxonomy":"product_cat","embeddable":true,"href":"https:\/\/www.nordi.ee\/en\/wp-json\/wp\/v2\/product_cat?post=27992"},{"taxonomy":"product_tag","embeddable":true,"href":"https:\/\/www.nordi.ee\/en\/wp-json\/wp\/v2\/product_tag?post=27992"}],"curies":[{"name":"wp","href":"https:\/\/api.w.org\/{rel}","templated":true}]}}