{"id":27942,"date":"2025-11-11T22:04:50","date_gmt":"2025-11-11T20:04:50","guid":{"rendered":"https:\/\/www.nordi.ee\/toode\/incas-tool-pruun-must-2\/"},"modified":"2026-04-13T05:07:56","modified_gmt":"2026-04-13T02:07:56","slug":"incas-tool-pruun-must-2","status":"publish","type":"product","link":"https:\/\/www.nordi.ee\/en\/toode\/incas-tool-pruun-must-2\/","title":{"rendered":"Kontoritool INCAS, pruun \/ must"},"content":{"rendered":"<p>m\u00f5\u00f5tmed: 59\/58\/77-90\/42\/55 cm, lihtne mehhanism, pol\u00fcprop\u00fcleen<br \/>\nv\u00e4rv: pruun \/ must<\/p>\n","protected":false},"excerpt":{"rendered":"<p>m\u00f5\u00f5tmed: 59\/58\/77-90\/42\/55 cm, lihtne mehhanism, pol\u00fcprop\u00fcleen v\u00e4rv: pruun \/ must<\/p>\n","protected":false},"featured_media":13417,"comment_status":"closed","ping_status":"closed","template":"","meta":{"_gspb_post_css":""},"product_brand":[],"product_cat":[216,4063],"product_tag":[],"class_list":{"0":"post-27942","1":"product","2":"type-product","3":"status-publish","4":"has-post-thumbnail","6":"product_cat-kontor","7":"product_cat-kontoritoolid","8":"pa_vahelaos-ei","10":"first","11":"instock","12":"sale","13":"purchasable","14":"product-type-simple"},"_links":{"self":[{"href":"https:\/\/www.nordi.ee\/en\/wp-json\/wp\/v2\/product\/27942","targetHints":{"allow":["GET"]}}],"collection":[{"href":"https:\/\/www.nordi.ee\/en\/wp-json\/wp\/v2\/product"}],"about":[{"href":"https:\/\/www.nordi.ee\/en\/wp-json\/wp\/v2\/types\/product"}],"replies":[{"embeddable":true,"href":"https:\/\/www.nordi.ee\/en\/wp-json\/wp\/v2\/comments?post=27942"}],"wp:featuredmedia":[{"embeddable":true,"href":"https:\/\/www.nordi.ee\/en\/wp-json\/wp\/v2\/media\/13417"}],"wp:attachment":[{"href":"https:\/\/www.nordi.ee\/en\/wp-json\/wp\/v2\/media?parent=27942"}],"wp:term":[{"taxonomy":"product_brand","embeddable":true,"href":"https:\/\/www.nordi.ee\/en\/wp-json\/wp\/v2\/product_brand?post=27942"},{"taxonomy":"product_cat","embeddable":true,"href":"https:\/\/www.nordi.ee\/en\/wp-json\/wp\/v2\/product_cat?post=27942"},{"taxonomy":"product_tag","embeddable":true,"href":"https:\/\/www.nordi.ee\/en\/wp-json\/wp\/v2\/product_tag?post=27942"}],"curies":[{"name":"wp","href":"https:\/\/api.w.org\/{rel}","templated":true}]}}