{"id":27895,"date":"2025-11-11T22:02:44","date_gmt":"2025-11-11T20:02:44","guid":{"rendered":"https:\/\/www.nordi.ee\/toode\/kontoritool-ignel-pahklipuu-kreemjas\/"},"modified":"2026-04-13T05:07:52","modified_gmt":"2026-04-13T02:07:52","slug":"kontoritool-ignel-pahklipuu-kreemjas","status":"publish","type":"product","link":"https:\/\/www.nordi.ee\/en\/toode\/kontoritool-ignel-pahklipuu-kreemjas\/","title":{"rendered":"Kontoritool  IGNEL, p\u00e4hklipuu \/ kreemjas"},"content":{"rendered":"<p>m\u00f5\u00f5dud: 62\/70\/119-129\/50-60 cm, TILT mehhanism, painutatud vineer \/ \u00f6koko ?????, v\u00e4rvid: p\u00e4hkel \/ kreem<\/p>\n","protected":false},"excerpt":{"rendered":"<p>m\u00f5\u00f5dud: 62\/70\/119-129\/50-60 cm, TILT mehhanism, painutatud vineer \/ \u00f6koko ?????, v\u00e4rvid: p\u00e4hkel \/ kreem<\/p>\n","protected":false},"featured_media":13397,"comment_status":"closed","ping_status":"open","template":"","meta":{"_gspb_post_css":""},"product_brand":[],"product_cat":[216,4063],"product_tag":[],"class_list":{"0":"post-27895","1":"product","2":"type-product","3":"status-publish","4":"has-post-thumbnail","6":"product_cat-kontor","7":"product_cat-kontoritoolid","8":"pa_istmekorgus-50-60","9":"pa_kaetugi-fikseeritud-kaetugi","10":"pa_kandevoime-100-kg","11":"pa_kanga-varv-kreemjas","12":"pa_korgus-4089","13":"pa_laius-266","14":"pa_mehhanism-kallutus","15":"pa_pakkide-arv-226","16":"pa_peatugi-peatugesi-ei-saa-reguleerida","17":"pa_ratta-tuup-normaalne","18":"pa_stiil-klassikaline","19":"pa_stiil-modernne","20":"pa_sugavus-268","21":"pa_tooli-materjal-kunstnahk","22":"pa_tuba-kapp","23":"pa_vahelaos-jah","24":"pa_varv-kreemjas","26":"first","27":"instock","28":"sale","29":"purchasable","30":"product-type-simple"},"_links":{"self":[{"href":"https:\/\/www.nordi.ee\/en\/wp-json\/wp\/v2\/product\/27895","targetHints":{"allow":["GET"]}}],"collection":[{"href":"https:\/\/www.nordi.ee\/en\/wp-json\/wp\/v2\/product"}],"about":[{"href":"https:\/\/www.nordi.ee\/en\/wp-json\/wp\/v2\/types\/product"}],"replies":[{"embeddable":true,"href":"https:\/\/www.nordi.ee\/en\/wp-json\/wp\/v2\/comments?post=27895"}],"wp:featuredmedia":[{"embeddable":true,"href":"https:\/\/www.nordi.ee\/en\/wp-json\/wp\/v2\/media\/13397"}],"wp:attachment":[{"href":"https:\/\/www.nordi.ee\/en\/wp-json\/wp\/v2\/media?parent=27895"}],"wp:term":[{"taxonomy":"product_brand","embeddable":true,"href":"https:\/\/www.nordi.ee\/en\/wp-json\/wp\/v2\/product_brand?post=27895"},{"taxonomy":"product_cat","embeddable":true,"href":"https:\/\/www.nordi.ee\/en\/wp-json\/wp\/v2\/product_cat?post=27895"},{"taxonomy":"product_tag","embeddable":true,"href":"https:\/\/www.nordi.ee\/en\/wp-json\/wp\/v2\/product_tag?post=27895"}],"curies":[{"name":"wp","href":"https:\/\/api.w.org\/{rel}","templated":true}]}}