{"id":27887,"date":"2025-11-11T22:00:42","date_gmt":"2025-11-11T20:00:42","guid":{"rendered":"https:\/\/www.nordi.ee\/toode\/kontoritool-ignar-pahklipuu-must\/"},"modified":"2026-04-13T05:07:51","modified_gmt":"2026-04-13T02:07:51","slug":"kontoritool-ignar-pahklipuu-must","status":"publish","type":"product","link":"https:\/\/www.nordi.ee\/en\/toode\/kontoritool-ignar-pahklipuu-must\/","title":{"rendered":"Kontoritool IGNAR, p\u00e4hklipuu \/ must"},"content":{"rendered":"<p>m\u00f5\u00f5tmed: 62\/70\/119-129\/50-60 cm, TILT mehhanism, k\u00f5verdatud vineer \/ \u00f6koloogiline nahk, v\u00e4rvid: p\u00e4hklipuu \/ must<\/p>\n","protected":false},"excerpt":{"rendered":"<p>m\u00f5\u00f5tmed: 62\/70\/119-129\/50-60 cm, TILT mehhanism, k\u00f5verdatud vineer \/ \u00f6koloogiline nahk, v\u00e4rvid: p\u00e4hklipuu \/ must<\/p>\n","protected":false},"featured_media":13393,"comment_status":"closed","ping_status":"open","template":"","meta":{"_gspb_post_css":""},"product_brand":[],"product_cat":[216,4063],"product_tag":[],"class_list":{"0":"post-27887","1":"product","2":"type-product","3":"status-publish","4":"has-post-thumbnail","6":"product_cat-kontor","7":"product_cat-kontoritoolid","8":"pa_istmekorgus-50-60","9":"pa_kaetugi-fikseeritud-kaetugi","10":"pa_kandevoime-100-kg","11":"pa_kanga-varv-must","12":"pa_korgus-4089","13":"pa_laius-266","14":"pa_mehhanism-kallutus","15":"pa_pakkide-arv-226","16":"pa_peatugi-peatugesi-ei-saa-reguleerida","17":"pa_ratta-tuup-normaalne","18":"pa_stiil-klassikaline","19":"pa_stiil-modernne","20":"pa_sugavus-268","21":"pa_tooli-materjal-kunstnahk","22":"pa_tooli-materjal-liimpuitvineer","23":"pa_tuba-kapp","24":"pa_vahelaos-jah","25":"pa_varv-pahkel","27":"first","28":"instock","29":"sale","30":"purchasable","31":"product-type-simple"},"_links":{"self":[{"href":"https:\/\/www.nordi.ee\/en\/wp-json\/wp\/v2\/product\/27887","targetHints":{"allow":["GET"]}}],"collection":[{"href":"https:\/\/www.nordi.ee\/en\/wp-json\/wp\/v2\/product"}],"about":[{"href":"https:\/\/www.nordi.ee\/en\/wp-json\/wp\/v2\/types\/product"}],"replies":[{"embeddable":true,"href":"https:\/\/www.nordi.ee\/en\/wp-json\/wp\/v2\/comments?post=27887"}],"wp:featuredmedia":[{"embeddable":true,"href":"https:\/\/www.nordi.ee\/en\/wp-json\/wp\/v2\/media\/13393"}],"wp:attachment":[{"href":"https:\/\/www.nordi.ee\/en\/wp-json\/wp\/v2\/media?parent=27887"}],"wp:term":[{"taxonomy":"product_brand","embeddable":true,"href":"https:\/\/www.nordi.ee\/en\/wp-json\/wp\/v2\/product_brand?post=27887"},{"taxonomy":"product_cat","embeddable":true,"href":"https:\/\/www.nordi.ee\/en\/wp-json\/wp\/v2\/product_cat?post=27887"},{"taxonomy":"product_tag","embeddable":true,"href":"https:\/\/www.nordi.ee\/en\/wp-json\/wp\/v2\/product_tag?post=27887"}],"curies":[{"name":"wp","href":"https:\/\/api.w.org\/{rel}","templated":true}]}}