{"id":27886,"date":"2025-11-11T22:00:42","date_gmt":"2025-11-11T20:00:42","guid":{"rendered":"https:\/\/www.nordi.ee\/toode\/kontoritool-ibispa-paris\/"},"modified":"2026-04-13T05:07:51","modified_gmt":"2026-04-13T02:07:51","slug":"kontoritool-ibispa-paris","status":"publish","type":"product","link":"https:\/\/www.nordi.ee\/en\/toode\/kontoritool-ibispa-paris\/","title":{"rendered":"Kontoritool IBISPA, paris"},"content":{"rendered":"<p>p\u00f5himehhanism, m\u00f5\u00f5tmed: 53\/59\/88-100\/45-57 cm, materjal: kangas, v\u00e4rv: mitmev\u00e4rviline<\/p>\n","protected":false},"excerpt":{"rendered":"<p>p\u00f5himehhanism, m\u00f5\u00f5tmed: 53\/59\/88-100\/45-57 cm, materjal: kangas, v\u00e4rv: mitmev\u00e4rviline<\/p>\n","protected":false},"featured_media":13389,"comment_status":"closed","ping_status":"open","template":"","meta":{"_gspb_post_css":""},"product_brand":[],"product_cat":[216,4063],"product_tag":[],"class_list":{"0":"post-27886","1":"product","2":"type-product","3":"status-publish","4":"has-post-thumbnail","6":"product_cat-kontor","7":"product_cat-kontoritoolid","8":"pa_istmekorgus-45-57","9":"pa_kaetugi-fikseeritud-kaetugi","10":"pa_kandevoime-100-kg","11":"pa_kanga-varv-mitmevarviline","12":"pa_korgus-1219","13":"pa_laius-1327","14":"pa_mehhanism-tavaline","15":"pa_pakkide-arv-226","16":"pa_peatugi-ilma-peatugedeta","17":"pa_ratta-tuup-normaalne","18":"pa_stiil-traditsiooniline","19":"pa_sugavus-1372","20":"pa_tooli-materjal-kangas","21":"pa_tuba-lastetool","22":"pa_tuba-lastetuba","23":"pa_vahelaos-jah","24":"pa_varv-mitmevarviline","26":"first","27":"instock","28":"sale","29":"purchasable","30":"product-type-simple"},"_links":{"self":[{"href":"https:\/\/www.nordi.ee\/en\/wp-json\/wp\/v2\/product\/27886","targetHints":{"allow":["GET"]}}],"collection":[{"href":"https:\/\/www.nordi.ee\/en\/wp-json\/wp\/v2\/product"}],"about":[{"href":"https:\/\/www.nordi.ee\/en\/wp-json\/wp\/v2\/types\/product"}],"replies":[{"embeddable":true,"href":"https:\/\/www.nordi.ee\/en\/wp-json\/wp\/v2\/comments?post=27886"}],"wp:featuredmedia":[{"embeddable":true,"href":"https:\/\/www.nordi.ee\/en\/wp-json\/wp\/v2\/media\/13389"}],"wp:attachment":[{"href":"https:\/\/www.nordi.ee\/en\/wp-json\/wp\/v2\/media?parent=27886"}],"wp:term":[{"taxonomy":"product_brand","embeddable":true,"href":"https:\/\/www.nordi.ee\/en\/wp-json\/wp\/v2\/product_brand?post=27886"},{"taxonomy":"product_cat","embeddable":true,"href":"https:\/\/www.nordi.ee\/en\/wp-json\/wp\/v2\/product_cat?post=27886"},{"taxonomy":"product_tag","embeddable":true,"href":"https:\/\/www.nordi.ee\/en\/wp-json\/wp\/v2\/product_tag?post=27886"}],"curies":[{"name":"wp","href":"https:\/\/api.w.org\/{rel}","templated":true}]}}