{"id":27858,"date":"2025-11-11T22:00:42","date_gmt":"2025-11-11T20:00:42","guid":{"rendered":"https:\/\/www.nordi.ee\/toode\/aiamoobli-komplekt-hudson-hall-pruun\/"},"modified":"2026-04-13T05:07:50","modified_gmt":"2026-04-13T02:07:50","slug":"aiamoobli-komplekt-hudson-hall-pruun","status":"publish","type":"product","link":"https:\/\/www.nordi.ee\/en\/toode\/aiamoobli-komplekt-hudson-hall-pruun\/","title":{"rendered":"Aiam\u00f6\u00f6bli komplekt HUDSON, hall \/ pruun"},"content":{"rendered":"<p>aednahk (diivan, 2 tooli, kohvilaud), m\u00f5\u00f5tmed: diivan 116\/75\/68\/36 cm, tool 61\/75\/68\/36 cm, kohvilaud 68\/45\/40 cm, materjal: pulberv\u00e4rvitud teras \/ kriiksuv v\u00f5rk \/ kangas \/ klaas \/ pol\u00fcst\u00fcreen, v\u00e4rvus: hall &#8211; pruun.<\/p>\n","protected":false},"excerpt":{"rendered":"<p>aednahk (diivan, 2 tooli, kohvilaud), m\u00f5\u00f5tmed: diivan 116\/75\/68\/36 cm, tool 61\/75\/68\/36 cm, kohvilaud 68\/45\/40 cm, materjal: pulberv\u00e4rvitud teras \/ kriiksuv v\u00f5rk \/ kangas \/ klaas \/ pol\u00fcst\u00fcreen, v\u00e4rvus: hall &#8211; pruun.<\/p>\n","protected":false},"featured_media":13381,"comment_status":"closed","ping_status":"open","template":"","meta":{"_gspb_post_css":""},"product_brand":[],"product_cat":[208],"product_tag":[],"class_list":{"0":"post-27858","1":"product","2":"type-product","3":"status-publish","4":"has-post-thumbnail","6":"product_cat-aiamoobel","7":"pa_kanga-tuup-kangas","8":"pa_korgus-311","9":"pa_laius-450","10":"pa_laua-suurus-4-person","11":"pa_pakkide-arv-226","12":"pa_raami-varv-hall","13":"pa_stiil-kaasaegne","14":"pa_sugavus-753","15":"pa_tooli-materjal-vork","16":"pa_vahelaos-jah","17":"pa_varv-pruun","19":"first","20":"instock","21":"sale","22":"purchasable","23":"product-type-simple"},"_links":{"self":[{"href":"https:\/\/www.nordi.ee\/en\/wp-json\/wp\/v2\/product\/27858","targetHints":{"allow":["GET"]}}],"collection":[{"href":"https:\/\/www.nordi.ee\/en\/wp-json\/wp\/v2\/product"}],"about":[{"href":"https:\/\/www.nordi.ee\/en\/wp-json\/wp\/v2\/types\/product"}],"replies":[{"embeddable":true,"href":"https:\/\/www.nordi.ee\/en\/wp-json\/wp\/v2\/comments?post=27858"}],"wp:featuredmedia":[{"embeddable":true,"href":"https:\/\/www.nordi.ee\/en\/wp-json\/wp\/v2\/media\/13381"}],"wp:attachment":[{"href":"https:\/\/www.nordi.ee\/en\/wp-json\/wp\/v2\/media?parent=27858"}],"wp:term":[{"taxonomy":"product_brand","embeddable":true,"href":"https:\/\/www.nordi.ee\/en\/wp-json\/wp\/v2\/product_brand?post=27858"},{"taxonomy":"product_cat","embeddable":true,"href":"https:\/\/www.nordi.ee\/en\/wp-json\/wp\/v2\/product_cat?post=27858"},{"taxonomy":"product_tag","embeddable":true,"href":"https:\/\/www.nordi.ee\/en\/wp-json\/wp\/v2\/product_tag?post=27858"}],"curies":[{"name":"wp","href":"https:\/\/api.w.org\/{rel}","templated":true}]}}