{"id":27831,"date":"2025-11-11T21:59:15","date_gmt":"2025-11-11T19:59:15","guid":{"rendered":"https:\/\/www.nordi.ee\/toode\/horton-vabaaja-tool-beez\/"},"modified":"2026-04-13T05:07:47","modified_gmt":"2026-04-13T02:07:47","slug":"tugitool-hortel-elektrilne-recliner-massaaz-beez","status":"publish","type":"product","link":"https:\/\/www.nordi.ee\/en\/toode\/tugitool-hortel-elektrilne-recliner-massaaz-beez\/","title":{"rendered":"Tugitool HORTEL elektriline recliner+massaa\u017e, bee\u017e"},"content":{"rendered":"<p>m\u00f5\u00f5tmed: 80\/97-158\/105-90\/52-53 cm, elektriline n\u00f5gus alatugi \/ t\u00f5stefunktsioon, materjal: riie matt samet &#8211; MAVEL, v\u00e4rv: bee\u017e #38<\/p>\n","protected":false},"excerpt":{"rendered":"<p>m\u00f5\u00f5tmed: 80\/97-158\/105-90\/52-53 cm, elektriline n\u00f5gus alatugi \/ t\u00f5stefunktsioon, materjal: riie matt samet &#8211; MAVEL, v\u00e4rv: bee\u017e #38<\/p>\n","protected":false},"featured_media":13373,"comment_status":"closed","ping_status":"closed","template":"","meta":{"_gspb_post_css":""},"product_brand":[],"product_cat":[215,188],"product_tag":[],"class_list":{"0":"post-27831","1":"product","2":"type-product","3":"status-publish","4":"has-post-thumbnail","6":"product_cat-pehme-moobel","7":"product_cat-tugitoolid","8":"pa_istmekorgus-52-53","9":"pa_kanga-tuup-mavel-kangas","10":"pa_kanga-tuup-sametkangas","11":"pa_kanga-varv-beez","12":"pa_korgus-678","13":"pa_laius-353","14":"pa_lisafunktsioonid-recliner-funktsioon","15":"pa_pakkide-arv-226","16":"pa_stiil-traditsiooniline","17":"pa_sugavus-4170","18":"pa_vahelaos-jah","19":"pa_varv-beez","21":"first","22":"instock","23":"sale","24":"purchasable","25":"product-type-simple"},"_links":{"self":[{"href":"https:\/\/www.nordi.ee\/en\/wp-json\/wp\/v2\/product\/27831","targetHints":{"allow":["GET"]}}],"collection":[{"href":"https:\/\/www.nordi.ee\/en\/wp-json\/wp\/v2\/product"}],"about":[{"href":"https:\/\/www.nordi.ee\/en\/wp-json\/wp\/v2\/types\/product"}],"replies":[{"embeddable":true,"href":"https:\/\/www.nordi.ee\/en\/wp-json\/wp\/v2\/comments?post=27831"}],"wp:featuredmedia":[{"embeddable":true,"href":"https:\/\/www.nordi.ee\/en\/wp-json\/wp\/v2\/media\/13373"}],"wp:attachment":[{"href":"https:\/\/www.nordi.ee\/en\/wp-json\/wp\/v2\/media?parent=27831"}],"wp:term":[{"taxonomy":"product_brand","embeddable":true,"href":"https:\/\/www.nordi.ee\/en\/wp-json\/wp\/v2\/product_brand?post=27831"},{"taxonomy":"product_cat","embeddable":true,"href":"https:\/\/www.nordi.ee\/en\/wp-json\/wp\/v2\/product_cat?post=27831"},{"taxonomy":"product_tag","embeddable":true,"href":"https:\/\/www.nordi.ee\/en\/wp-json\/wp\/v2\/product_tag?post=27831"}],"curies":[{"name":"wp","href":"https:\/\/api.w.org\/{rel}","templated":true}]}}