{"id":27829,"date":"2025-11-11T21:59:15","date_gmt":"2025-11-11T19:59:15","guid":{"rendered":"https:\/\/www.nordi.ee\/toode\/sogilaud-horiz\/"},"modified":"2026-04-13T05:07:47","modified_gmt":"2026-04-13T02:07:47","slug":"sogilaud-horiz","status":"publish","type":"product","link":"https:\/\/www.nordi.ee\/en\/toode\/sogilaud-horiz\/","title":{"rendered":"S\u00f6\u00f6gilaud HORIZ"},"content":{"rendered":"<p>laiendatav laud, m\u00f5\u00f5tmed: 120-180\/85\/76 cm, materjal: keraamiline pind \/ pulberkattega teras, v\u00e4rv: pind &#8211; humo, jalad &#8211; must<\/p>\n","protected":false},"excerpt":{"rendered":"<p>laiendatav laud, m\u00f5\u00f5tmed: 120-180\/85\/76 cm, materjal: keraamiline pind \/ pulberkattega teras, v\u00e4rv: pind &#8211; humo, jalad &#8211; must<\/p>\n","protected":false},"featured_media":13369,"comment_status":"closed","ping_status":"closed","template":"","meta":{"_gspb_post_css":""},"product_brand":[],"product_cat":[190,167],"product_tag":[],"class_list":{"0":"post-27829","1":"product","2":"type-product","3":"status-publish","4":"has-post-thumbnail","6":"product_cat-soogilauad","7":"product_cat-soogituba","8":"pa_jalgade-arv-289","9":"pa_korgus-406","10":"pa_laius-785","11":"pa_laua-suurus-4-person-8-person","12":"pa_laua-varvus-hall","13":"pa_laua-viimistlus-matt","14":"pa_lauaplaadi-kuju-ristkulikukujuline","15":"pa_lauaplaadi-materjal-keraamika","16":"pa_lisafunktsioonid-pikendatav","17":"pa_maximum-pikkus-4211","18":"pa_pakkide-arv-295","19":"pa_pikendatav-jah","20":"pa_raami-materjal-metall","21":"pa_stiil-loft","22":"pa_stiil-moodne","23":"pa_sugavus-1832","24":"pa_vahelaos-jah","25":"pa_varv-hall","26":"pa_varv-must","28":"first","29":"instock","30":"sale","31":"purchasable","32":"product-type-simple"},"_links":{"self":[{"href":"https:\/\/www.nordi.ee\/en\/wp-json\/wp\/v2\/product\/27829","targetHints":{"allow":["GET"]}}],"collection":[{"href":"https:\/\/www.nordi.ee\/en\/wp-json\/wp\/v2\/product"}],"about":[{"href":"https:\/\/www.nordi.ee\/en\/wp-json\/wp\/v2\/types\/product"}],"replies":[{"embeddable":true,"href":"https:\/\/www.nordi.ee\/en\/wp-json\/wp\/v2\/comments?post=27829"}],"wp:featuredmedia":[{"embeddable":true,"href":"https:\/\/www.nordi.ee\/en\/wp-json\/wp\/v2\/media\/13369"}],"wp:attachment":[{"href":"https:\/\/www.nordi.ee\/en\/wp-json\/wp\/v2\/media?parent=27829"}],"wp:term":[{"taxonomy":"product_brand","embeddable":true,"href":"https:\/\/www.nordi.ee\/en\/wp-json\/wp\/v2\/product_brand?post=27829"},{"taxonomy":"product_cat","embeddable":true,"href":"https:\/\/www.nordi.ee\/en\/wp-json\/wp\/v2\/product_cat?post=27829"},{"taxonomy":"product_tag","embeddable":true,"href":"https:\/\/www.nordi.ee\/en\/wp-json\/wp\/v2\/product_tag?post=27829"}],"curies":[{"name":"wp","href":"https:\/\/api.w.org\/{rel}","templated":true}]}}