{"id":27746,"date":"2025-11-11T21:56:15","date_gmt":"2025-11-11T19:56:15","guid":{"rendered":"https:\/\/www.nordi.ee\/toode\/umar-soogilaud-henderson-pahkel\/"},"modified":"2026-04-13T05:07:41","modified_gmt":"2026-04-13T02:07:41","slug":"umar-soogilaud-henderson-pahkel","status":"publish","type":"product","link":"https:\/\/www.nordi.ee\/en\/toode\/umar-soogilaud-henderson-pahkel\/","title":{"rendered":"\u00dcmar s\u00f6\u00f6gilaud HENDERSON, p\u00e4hkel"},"content":{"rendered":"<p>m\u00f5\u00f5tmed: diameeter 136\/78 cm, materjal: MDF + naturaalkiht, v\u00e4rv: p\u00e4hklipuu<\/p>\n","protected":false},"excerpt":{"rendered":"<p>m\u00f5\u00f5tmed: diameeter 136\/78 cm, materjal: MDF + naturaalkiht, v\u00e4rv: p\u00e4hklipuu<\/p>\n","protected":false},"featured_media":13341,"comment_status":"closed","ping_status":"open","template":"","meta":{"_gspb_post_css":""},"product_brand":[],"product_cat":[190,167],"product_tag":[],"class_list":{"0":"post-27746","1":"product","2":"type-product","3":"status-publish","4":"has-post-thumbnail","6":"product_cat-soogilauad","7":"product_cat-soogituba","8":"pa_jalgade-arv-494","9":"pa_korgus-766","10":"pa_laius-1457","11":"pa_laua-suurus-5-person","12":"pa_laua-varvus-pahkel","13":"pa_laua-viimistlus-matt","14":"pa_lauaplaadi-kuju-ummargune","15":"pa_lauaplaadi-materjal-spoon","16":"pa_pakkide-arv-295","17":"pa_pikendatav-ei","18":"pa_raami-materjal-mdf","19":"pa_stiil-kaasaegne","20":"pa_sugavus-4131","21":"pa_vahelaos-jah","22":"pa_varv-pahkel","24":"first","25":"instock","26":"sale","27":"purchasable","28":"product-type-simple"},"_links":{"self":[{"href":"https:\/\/www.nordi.ee\/en\/wp-json\/wp\/v2\/product\/27746","targetHints":{"allow":["GET"]}}],"collection":[{"href":"https:\/\/www.nordi.ee\/en\/wp-json\/wp\/v2\/product"}],"about":[{"href":"https:\/\/www.nordi.ee\/en\/wp-json\/wp\/v2\/types\/product"}],"replies":[{"embeddable":true,"href":"https:\/\/www.nordi.ee\/en\/wp-json\/wp\/v2\/comments?post=27746"}],"wp:featuredmedia":[{"embeddable":true,"href":"https:\/\/www.nordi.ee\/en\/wp-json\/wp\/v2\/media\/13341"}],"wp:attachment":[{"href":"https:\/\/www.nordi.ee\/en\/wp-json\/wp\/v2\/media?parent=27746"}],"wp:term":[{"taxonomy":"product_brand","embeddable":true,"href":"https:\/\/www.nordi.ee\/en\/wp-json\/wp\/v2\/product_brand?post=27746"},{"taxonomy":"product_cat","embeddable":true,"href":"https:\/\/www.nordi.ee\/en\/wp-json\/wp\/v2\/product_cat?post=27746"},{"taxonomy":"product_tag","embeddable":true,"href":"https:\/\/www.nordi.ee\/en\/wp-json\/wp\/v2\/product_tag?post=27746"}],"curies":[{"name":"wp","href":"https:\/\/api.w.org\/{rel}","templated":true}]}}