{"id":27706,"date":"2025-11-11T21:54:12","date_gmt":"2025-11-11T19:54:12","guid":{"rendered":"https:\/\/www.nordi.ee\/toode\/hazard-vabaaja-iste-beez\/"},"modified":"2026-04-13T05:07:37","modified_gmt":"2026-04-13T02:07:37","slug":"tugitool-haz-beez","status":"publish","type":"product","link":"https:\/\/www.nordi.ee\/en\/toode\/tugitool-haz-beez\/","title":{"rendered":"Tugitool HAZ, bee\u017e"},"content":{"rendered":"<p>m\u00f5\u00f5tmed: 90\/82\/72\/42 cm; materjal: kangas &#8211; HAGA \/ pulberdoseeritud teras, v\u00e4rv: bee\u017e HAGA#30<\/p>\n","protected":false},"excerpt":{"rendered":"<p>m\u00f5\u00f5tmed: 90\/82\/72\/42 cm; materjal: kangas &#8211; HAGA \/ pulberdoseeritud teras, v\u00e4rv: bee\u017e HAGA#30<\/p>\n","protected":false},"featured_media":13325,"comment_status":"closed","ping_status":"closed","template":"","meta":{"_gspb_post_css":""},"product_brand":[],"product_cat":[215,188],"product_tag":[],"class_list":{"0":"post-27706","1":"product","2":"type-product","3":"status-publish","4":"has-post-thumbnail","6":"product_cat-pehme-moobel","7":"product_cat-tugitoolid","8":"pa_istmekorgus-826","9":"pa_jalgade-raami-materjal-metall","10":"pa_jalgade-raami-varv-must","11":"pa_kanga-tuup-haga-kangas","12":"pa_kanga-tuup-kangas","13":"pa_kanga-varv-beez","14":"pa_korgus-492","15":"pa_laius-349","16":"pa_pakkide-arv-226","17":"pa_stiil-kaasaegne","18":"pa_sugavus-1234","19":"pa_vahelaos-jah","20":"pa_varv-beez","22":"first","23":"instock","24":"sale","25":"purchasable","26":"product-type-simple"},"_links":{"self":[{"href":"https:\/\/www.nordi.ee\/en\/wp-json\/wp\/v2\/product\/27706","targetHints":{"allow":["GET"]}}],"collection":[{"href":"https:\/\/www.nordi.ee\/en\/wp-json\/wp\/v2\/product"}],"about":[{"href":"https:\/\/www.nordi.ee\/en\/wp-json\/wp\/v2\/types\/product"}],"replies":[{"embeddable":true,"href":"https:\/\/www.nordi.ee\/en\/wp-json\/wp\/v2\/comments?post=27706"}],"wp:featuredmedia":[{"embeddable":true,"href":"https:\/\/www.nordi.ee\/en\/wp-json\/wp\/v2\/media\/13325"}],"wp:attachment":[{"href":"https:\/\/www.nordi.ee\/en\/wp-json\/wp\/v2\/media?parent=27706"}],"wp:term":[{"taxonomy":"product_brand","embeddable":true,"href":"https:\/\/www.nordi.ee\/en\/wp-json\/wp\/v2\/product_brand?post=27706"},{"taxonomy":"product_cat","embeddable":true,"href":"https:\/\/www.nordi.ee\/en\/wp-json\/wp\/v2\/product_cat?post=27706"},{"taxonomy":"product_tag","embeddable":true,"href":"https:\/\/www.nordi.ee\/en\/wp-json\/wp\/v2\/product_tag?post=27706"}],"curies":[{"name":"wp","href":"https:\/\/api.w.org\/{rel}","templated":true}]}}