{"id":27640,"date":"2025-11-11T21:51:04","date_gmt":"2025-11-11T19:51:04","guid":{"rendered":"https:\/\/www.nordi.ee\/toode\/harbor-kontoritool-beez-2\/"},"modified":"2026-04-13T05:07:32","modified_gmt":"2026-04-13T02:07:32","slug":"harbor-kontoritool-beez-2","status":"publish","type":"product","link":"https:\/\/www.nordi.ee\/en\/toode\/harbor-kontoritool-beez-2\/","title":{"rendered":"Kontoritool HARBOR, bee\u017e"},"content":{"rendered":"<p>m\u00f5\u00f5dud: 65\/72\/112-118\/53-59 cm, TILT mehhanism, \u00f6kokoostis, v\u00e4rv: bee\u017e<\/p>\n","protected":false},"excerpt":{"rendered":"<p>m\u00f5\u00f5dud: 65\/72\/112-118\/53-59 cm, TILT mehhanism, \u00f6kokoostis, v\u00e4rv: bee\u017e<\/p>\n","protected":false},"featured_media":13289,"comment_status":"closed","ping_status":"closed","template":"","meta":{"_gspb_post_css":""},"product_brand":[],"product_cat":[216,4063],"product_tag":[],"class_list":{"0":"post-27640","1":"product","2":"type-product","3":"status-publish","4":"has-post-thumbnail","6":"product_cat-kontor","7":"product_cat-kontoritoolid","8":"pa_istmekorgus-53-59","9":"pa_kaetugi-fikseeritud-kaetugi","10":"pa_kandevoime-120-kg","11":"pa_kanga-varv-beez","12":"pa_korgus-1151","13":"pa_laius-325","14":"pa_mehhanism-kallutus","15":"pa_peatugi-ilma-peatugedeta","16":"pa_ratta-tuup-kumm","17":"pa_stiil-kaasaegne","18":"pa_sugavus-1035","19":"pa_tooli-materjal-kunstnahk","20":"pa_tuba-kapp","21":"pa_tuba-kontor","22":"pa_vahelaos-jah","23":"pa_varv-must","25":"first","26":"instock","27":"sale","28":"purchasable","29":"product-type-simple"},"_links":{"self":[{"href":"https:\/\/www.nordi.ee\/en\/wp-json\/wp\/v2\/product\/27640","targetHints":{"allow":["GET"]}}],"collection":[{"href":"https:\/\/www.nordi.ee\/en\/wp-json\/wp\/v2\/product"}],"about":[{"href":"https:\/\/www.nordi.ee\/en\/wp-json\/wp\/v2\/types\/product"}],"replies":[{"embeddable":true,"href":"https:\/\/www.nordi.ee\/en\/wp-json\/wp\/v2\/comments?post=27640"}],"wp:featuredmedia":[{"embeddable":true,"href":"https:\/\/www.nordi.ee\/en\/wp-json\/wp\/v2\/media\/13289"}],"wp:attachment":[{"href":"https:\/\/www.nordi.ee\/en\/wp-json\/wp\/v2\/media?parent=27640"}],"wp:term":[{"taxonomy":"product_brand","embeddable":true,"href":"https:\/\/www.nordi.ee\/en\/wp-json\/wp\/v2\/product_brand?post=27640"},{"taxonomy":"product_cat","embeddable":true,"href":"https:\/\/www.nordi.ee\/en\/wp-json\/wp\/v2\/product_cat?post=27640"},{"taxonomy":"product_tag","embeddable":true,"href":"https:\/\/www.nordi.ee\/en\/wp-json\/wp\/v2\/product_tag?post=27640"}],"curies":[{"name":"wp","href":"https:\/\/api.w.org\/{rel}","templated":true}]}}