{"id":27627,"date":"2025-11-11T21:51:04","date_gmt":"2025-11-11T19:51:04","guid":{"rendered":"https:\/\/www.nordi.ee\/toode\/soogilaud-halifax-naturaalne\/"},"modified":"2026-04-13T05:07:31","modified_gmt":"2026-04-13T02:07:31","slug":"soogilaud-halifax-naturaalne","status":"publish","type":"product","link":"https:\/\/www.nordi.ee\/en\/toode\/soogilaud-halifax-naturaalne\/","title":{"rendered":"S\u00f6\u00f6gilaud HALIFAX, naturaalne"},"content":{"rendered":"<p>m\u00f5\u00f5tmed: 160\/90\/76 cm, materjal: laminaat MDF \/ pulberv\u00e4rvitud teras, v\u00e4rv: \u00fclemine &#8211; betoon, jalad &#8211; must<\/p>\n","protected":false},"excerpt":{"rendered":"<p>m\u00f5\u00f5tmed: 160\/90\/76 cm, materjal: laminaat MDF \/ pulberv\u00e4rvitud teras, v\u00e4rv: \u00fclemine &#8211; betoon, jalad &#8211; must<\/p>\n","protected":false},"featured_media":13278,"comment_status":"closed","ping_status":"open","template":"","meta":{"_gspb_post_css":""},"product_brand":[],"product_cat":[190,167],"product_tag":[],"class_list":{"0":"post-27627","1":"product","2":"type-product","3":"status-publish","4":"has-post-thumbnail","6":"product_cat-soogilauad","7":"product_cat-soogituba","8":"pa_jalgade-arv-289","9":"pa_korgus-406","10":"pa_laius-349","11":"pa_laua-suurus-6-person","12":"pa_laua-varvus-hall","13":"pa_laua-viimistlus-matt","14":"pa_lauaplaadi-kuju-ristkulikukujuline","15":"pa_lauaplaadi-materjal-lamiiniga-kaetud-mdf","16":"pa_pakkide-arv-295","17":"pa_pikendatav-ei","18":"pa_raami-materjal-metall","19":"pa_stiil-loft","20":"pa_stiil-moodne","21":"pa_sugavus-4084","22":"pa_vahelaos-jah","23":"pa_varv-hall","24":"pa_varv-must","26":"first","27":"instock","28":"sale","29":"purchasable","30":"product-type-simple"},"_links":{"self":[{"href":"https:\/\/www.nordi.ee\/en\/wp-json\/wp\/v2\/product\/27627","targetHints":{"allow":["GET"]}}],"collection":[{"href":"https:\/\/www.nordi.ee\/en\/wp-json\/wp\/v2\/product"}],"about":[{"href":"https:\/\/www.nordi.ee\/en\/wp-json\/wp\/v2\/types\/product"}],"replies":[{"embeddable":true,"href":"https:\/\/www.nordi.ee\/en\/wp-json\/wp\/v2\/comments?post=27627"}],"wp:featuredmedia":[{"embeddable":true,"href":"https:\/\/www.nordi.ee\/en\/wp-json\/wp\/v2\/media\/13278"}],"wp:attachment":[{"href":"https:\/\/www.nordi.ee\/en\/wp-json\/wp\/v2\/media?parent=27627"}],"wp:term":[{"taxonomy":"product_brand","embeddable":true,"href":"https:\/\/www.nordi.ee\/en\/wp-json\/wp\/v2\/product_brand?post=27627"},{"taxonomy":"product_cat","embeddable":true,"href":"https:\/\/www.nordi.ee\/en\/wp-json\/wp\/v2\/product_cat?post=27627"},{"taxonomy":"product_tag","embeddable":true,"href":"https:\/\/www.nordi.ee\/en\/wp-json\/wp\/v2\/product_tag?post=27627"}],"curies":[{"name":"wp","href":"https:\/\/api.w.org\/{rel}","templated":true}]}}