{"id":27559,"date":"2025-11-11T21:47:30","date_gmt":"2025-11-11T19:47:30","guid":{"rendered":"https:\/\/www.nordi.ee\/toode\/h96-baaritool-beez-2\/"},"modified":"2026-04-13T05:07:26","modified_gmt":"2026-04-13T02:07:26","slug":"h96-baaritool-beez-2","status":"publish","type":"product","link":"https:\/\/www.nordi.ee\/en\/toode\/h96-baaritool-beez-2\/","title":{"rendered":"Baaritool VERDIX, bee\u017e"},"content":{"rendered":"<p>m\u00f5\u00f5tmed: 48\/49\/89\/65 cm, materjal: sametkangas \/ pulberkattega teras, v\u00e4rv: bee\u017e HLR 11<\/p>\n","protected":false},"excerpt":{"rendered":"<p>m\u00f5\u00f5tmed: 48\/49\/89\/65 cm, materjal: sametkangas \/ pulberkattega teras, v\u00e4rv: bee\u017e HLR 11<\/p>\n","protected":false},"featured_media":13250,"comment_status":"closed","ping_status":"closed","template":"","meta":{"_gspb_post_css":""},"product_brand":[],"product_cat":[182,167],"product_tag":[],"class_list":{"0":"post-27559","1":"product","2":"type-product","3":"status-publish","4":"has-post-thumbnail","6":"product_cat-baaritoolid","7":"product_cat-soogituba","8":"pa_istmekorgus-1361","9":"pa_kanga-tuup-hlr-sametkangas","10":"pa_kanga-varv-beez","11":"pa_korgus-1435","12":"pa_laius-967","13":"pa_materjal-pulberkattega-teras","14":"pa_pakkide-arv-226","15":"pa_raami-materjal-metall","16":"pa_raami-varv-must","17":"pa_stiil-kaasaegne","18":"pa_sugavus-1428","19":"pa_tooli-materjal-sametkangas","20":"pa_vahelaos-jah","21":"pa_varv-beez","23":"first","24":"instock","25":"sale","26":"purchasable","27":"product-type-simple"},"_links":{"self":[{"href":"https:\/\/www.nordi.ee\/en\/wp-json\/wp\/v2\/product\/27559","targetHints":{"allow":["GET"]}}],"collection":[{"href":"https:\/\/www.nordi.ee\/en\/wp-json\/wp\/v2\/product"}],"about":[{"href":"https:\/\/www.nordi.ee\/en\/wp-json\/wp\/v2\/types\/product"}],"replies":[{"embeddable":true,"href":"https:\/\/www.nordi.ee\/en\/wp-json\/wp\/v2\/comments?post=27559"}],"wp:featuredmedia":[{"embeddable":true,"href":"https:\/\/www.nordi.ee\/en\/wp-json\/wp\/v2\/media\/13250"}],"wp:attachment":[{"href":"https:\/\/www.nordi.ee\/en\/wp-json\/wp\/v2\/media?parent=27559"}],"wp:term":[{"taxonomy":"product_brand","embeddable":true,"href":"https:\/\/www.nordi.ee\/en\/wp-json\/wp\/v2\/product_brand?post=27559"},{"taxonomy":"product_cat","embeddable":true,"href":"https:\/\/www.nordi.ee\/en\/wp-json\/wp\/v2\/product_cat?post=27559"},{"taxonomy":"product_tag","embeddable":true,"href":"https:\/\/www.nordi.ee\/en\/wp-json\/wp\/v2\/product_tag?post=27559"}],"curies":[{"name":"wp","href":"https:\/\/api.w.org\/{rel}","templated":true}]}}