{"id":27506,"date":"2025-11-11T21:45:22","date_gmt":"2025-11-11T19:45:22","guid":{"rendered":"https:\/\/www.nordi.ee\/toode\/h95-baaritool-beez\/"},"modified":"2026-04-13T05:07:21","modified_gmt":"2026-04-13T02:07:21","slug":"h95-baaritool-beez","status":"publish","type":"product","link":"https:\/\/www.nordi.ee\/en\/toode\/h95-baaritool-beez\/","title":{"rendered":"Baaritool MOREN, bee\u017e"},"content":{"rendered":"<p>m\u00f5\u00f5tmed: 43\/44\/84-106\/62-84 cm, materjal: sametkangas \/ pulberv\u00e4rvitud teras, v\u00e4rv: bee\u017e &#8211; BLUVEL 28<\/p>\n","protected":false},"excerpt":{"rendered":"<p>m\u00f5\u00f5tmed: 43\/44\/84-106\/62-84 cm, materjal: sametkangas \/ pulberv\u00e4rvitud teras, v\u00e4rv: bee\u017e &#8211; BLUVEL 28<\/p>\n","protected":false},"featured_media":13222,"comment_status":"closed","ping_status":"closed","template":"","meta":{"_gspb_post_css":""},"product_brand":[],"product_cat":[182,167],"product_tag":[],"class_list":{"0":"post-27506","1":"product","2":"type-product","3":"status-publish","4":"has-post-thumbnail","6":"product_cat-baaritoolid","7":"product_cat-soogituba","8":"pa_istmekorgus-62-84","9":"pa_kanga-tuup-sametkangas","10":"pa_kanga-varv-beez","11":"pa_korgus-1363","12":"pa_laius-1376","13":"pa_lisafunktsioonid-reguleeritav-korgus","14":"pa_materjal-pulberkattega-teras","15":"pa_pakkide-arv-226","16":"pa_raami-materjal-metall","17":"pa_raami-varv-must","18":"pa_stiil-kaasaegne","19":"pa_sugavus-1377","20":"pa_tooli-materjal-sametkangas","21":"pa_vahelaos-jah","22":"pa_varv-beez","24":"first","25":"instock","26":"sale","27":"purchasable","28":"product-type-simple"},"_links":{"self":[{"href":"https:\/\/www.nordi.ee\/en\/wp-json\/wp\/v2\/product\/27506","targetHints":{"allow":["GET"]}}],"collection":[{"href":"https:\/\/www.nordi.ee\/en\/wp-json\/wp\/v2\/product"}],"about":[{"href":"https:\/\/www.nordi.ee\/en\/wp-json\/wp\/v2\/types\/product"}],"replies":[{"embeddable":true,"href":"https:\/\/www.nordi.ee\/en\/wp-json\/wp\/v2\/comments?post=27506"}],"wp:featuredmedia":[{"embeddable":true,"href":"https:\/\/www.nordi.ee\/en\/wp-json\/wp\/v2\/media\/13222"}],"wp:attachment":[{"href":"https:\/\/www.nordi.ee\/en\/wp-json\/wp\/v2\/media?parent=27506"}],"wp:term":[{"taxonomy":"product_brand","embeddable":true,"href":"https:\/\/www.nordi.ee\/en\/wp-json\/wp\/v2\/product_brand?post=27506"},{"taxonomy":"product_cat","embeddable":true,"href":"https:\/\/www.nordi.ee\/en\/wp-json\/wp\/v2\/product_cat?post=27506"},{"taxonomy":"product_tag","embeddable":true,"href":"https:\/\/www.nordi.ee\/en\/wp-json\/wp\/v2\/product_tag?post=27506"}],"curies":[{"name":"wp","href":"https:\/\/api.w.org\/{rel}","templated":true}]}}