{"id":27472,"date":"2025-11-11T21:44:02","date_gmt":"2025-11-11T19:44:02","guid":{"rendered":"https:\/\/www.nordi.ee\/toode\/h48-baaritooli-varv-valge\/"},"modified":"2026-04-13T05:07:15","modified_gmt":"2026-04-13T02:07:15","slug":"h48-baaritooli-varv-valge","status":"publish","type":"product","link":"https:\/\/www.nordi.ee\/en\/toode\/h48-baaritooli-varv-valge\/","title":{"rendered":"Baaritool HANNO, valge"},"content":{"rendered":"<p>m\u00f5\u00f5tmed: 37\/36\/83\u00f7105 cm, materjal: kroomteras \/ pol\u00fcprop\u00fcleen, v\u00e4rvus: valge<\/p>\n","protected":false},"excerpt":{"rendered":"<p>m\u00f5\u00f5tmed: 37\/36\/83\u00f7105 cm, materjal: kroomteras \/ pol\u00fcprop\u00fcleen, v\u00e4rvus: valge<\/p>\n","protected":false},"featured_media":13191,"comment_status":"closed","ping_status":"closed","template":"","meta":{"_gspb_post_css":""},"product_brand":[],"product_cat":[182,167],"product_tag":[],"class_list":{"0":"post-27472","1":"product","2":"type-product","3":"status-publish","4":"has-post-thumbnail","6":"product_cat-baaritoolid","7":"product_cat-soogituba","8":"pa_istmekorgus-1411","9":"pa_kanga-varv-valge","10":"pa_korgus-383","11":"pa_laius-1220","12":"pa_lisafunktsioonid-reguleeritav-korgus","13":"pa_pakkide-arv-226","14":"pa_raami-materjal-metall","15":"pa_raami-varv-kroomitud","16":"pa_stiil-kaasaegne","17":"pa_sugavus-553","18":"pa_tooli-materjal-polupropuleen","19":"pa_vahelaos-ei","20":"pa_varv-valge","22":"first","23":"instock","24":"sale","25":"purchasable","26":"product-type-simple"},"_links":{"self":[{"href":"https:\/\/www.nordi.ee\/en\/wp-json\/wp\/v2\/product\/27472","targetHints":{"allow":["GET"]}}],"collection":[{"href":"https:\/\/www.nordi.ee\/en\/wp-json\/wp\/v2\/product"}],"about":[{"href":"https:\/\/www.nordi.ee\/en\/wp-json\/wp\/v2\/types\/product"}],"replies":[{"embeddable":true,"href":"https:\/\/www.nordi.ee\/en\/wp-json\/wp\/v2\/comments?post=27472"}],"wp:featuredmedia":[{"embeddable":true,"href":"https:\/\/www.nordi.ee\/en\/wp-json\/wp\/v2\/media\/13191"}],"wp:attachment":[{"href":"https:\/\/www.nordi.ee\/en\/wp-json\/wp\/v2\/media?parent=27472"}],"wp:term":[{"taxonomy":"product_brand","embeddable":true,"href":"https:\/\/www.nordi.ee\/en\/wp-json\/wp\/v2\/product_brand?post=27472"},{"taxonomy":"product_cat","embeddable":true,"href":"https:\/\/www.nordi.ee\/en\/wp-json\/wp\/v2\/product_cat?post=27472"},{"taxonomy":"product_tag","embeddable":true,"href":"https:\/\/www.nordi.ee\/en\/wp-json\/wp\/v2\/product_tag?post=27472"}],"curies":[{"name":"wp","href":"https:\/\/api.w.org\/{rel}","templated":true}]}}