{"id":27471,"date":"2025-11-11T21:44:02","date_gmt":"2025-11-11T19:44:02","guid":{"rendered":"https:\/\/www.nordi.ee\/toode\/baaritool-valtar-valge-must\/"},"modified":"2026-04-13T05:07:14","modified_gmt":"2026-04-13T02:07:14","slug":"baaritool-valtar-valge-must","status":"publish","type":"product","link":"https:\/\/www.nordi.ee\/en\/toode\/baaritool-valtar-valge-must\/","title":{"rendered":"Baaritool VALTAR, valge \/ must"},"content":{"rendered":"<p>m\u00f5\u00f5tmed: 60\/46\/93\u00f7115 cm, materjal: kroomteras \/ \u00f6koleanus, v\u00e4rv: \u00f6koleanus &#8211; valge \/ must<\/p>\n","protected":false},"excerpt":{"rendered":"<p>m\u00f5\u00f5tmed: 60\/46\/93\u00f7115 cm, materjal: kroomteras \/ \u00f6koleanus, v\u00e4rv: \u00f6koleanus &#8211; valge \/ must<\/p>\n","protected":false},"featured_media":13189,"comment_status":"closed","ping_status":"open","template":"","meta":{"_gspb_post_css":""},"product_brand":[],"product_cat":[182,167],"product_tag":[],"class_list":{"0":"post-27471","1":"product","2":"type-product","3":"status-publish","4":"has-post-thumbnail","6":"product_cat-baaritoolid","7":"product_cat-soogituba","8":"pa_istmekorgus-93-115","9":"pa_kanga-tuup-kunstnahk","10":"pa_kanga-varv-valge","11":"pa_korgus-464","12":"pa_laius-310","13":"pa_lisafunktsioonid-reguleeritav-korgus","14":"pa_pakkide-arv-226","15":"pa_raami-materjal-metall","16":"pa_raami-varv-kroomitud","17":"pa_stiil-kaasaegne","18":"pa_sugavus-1392","19":"pa_tooli-materjal-kunstnahk","20":"pa_tooli-materjal-liimpuitvineer","21":"pa_vahelaos-jah","22":"pa_varv-kroomitud","23":"pa_varv-must","24":"pa_varv-valge","26":"first","27":"instock","28":"sale","29":"purchasable","30":"product-type-simple"},"_links":{"self":[{"href":"https:\/\/www.nordi.ee\/en\/wp-json\/wp\/v2\/product\/27471","targetHints":{"allow":["GET"]}}],"collection":[{"href":"https:\/\/www.nordi.ee\/en\/wp-json\/wp\/v2\/product"}],"about":[{"href":"https:\/\/www.nordi.ee\/en\/wp-json\/wp\/v2\/types\/product"}],"replies":[{"embeddable":true,"href":"https:\/\/www.nordi.ee\/en\/wp-json\/wp\/v2\/comments?post=27471"}],"wp:featuredmedia":[{"embeddable":true,"href":"https:\/\/www.nordi.ee\/en\/wp-json\/wp\/v2\/media\/13189"}],"wp:attachment":[{"href":"https:\/\/www.nordi.ee\/en\/wp-json\/wp\/v2\/media?parent=27471"}],"wp:term":[{"taxonomy":"product_brand","embeddable":true,"href":"https:\/\/www.nordi.ee\/en\/wp-json\/wp\/v2\/product_brand?post=27471"},{"taxonomy":"product_cat","embeddable":true,"href":"https:\/\/www.nordi.ee\/en\/wp-json\/wp\/v2\/product_cat?post=27471"},{"taxonomy":"product_tag","embeddable":true,"href":"https:\/\/www.nordi.ee\/en\/wp-json\/wp\/v2\/product_tag?post=27471"}],"curies":[{"name":"wp","href":"https:\/\/api.w.org\/{rel}","templated":true}]}}