{"id":27469,"date":"2025-11-11T21:43:55","date_gmt":"2025-11-11T19:43:55","guid":{"rendered":"https:\/\/www.nordi.ee\/toode\/baaritool-pahlo-pahkel-kreemjas\/"},"modified":"2026-04-14T05:05:35","modified_gmt":"2026-04-14T02:05:35","slug":"baaritool-pahlo-pahkel-kreemjas","status":"publish","type":"product","link":"https:\/\/www.nordi.ee\/en\/toode\/baaritool-pahlo-pahkel-kreemjas\/","title":{"rendered":"Baaritool PAHLO, p\u00e4hkel \/ kreemjas"},"content":{"rendered":"<p>m\u00f5\u00f5dud: 53\/48\/93\u00f7115 cm, materjal: kroomitud teras \/ k\u00f5verdatud puidust \/ \u00f6koloogiline nahk, v\u00e4rv: puidu toon &#8211; p\u00e4hklipuu, \u00f6koloogiline nahk &#8211; kreemjas<\/p>\n","protected":false},"excerpt":{"rendered":"<p>m\u00f5\u00f5dud: 53\/48\/93\u00f7115 cm, materjal: kroomitud teras \/ k\u00f5verdatud puidust \/ \u00f6koloogiline nahk, v\u00e4rv: puidu toon &#8211; p\u00e4hklipuu, \u00f6koloogiline nahk &#8211; kreemjas<\/p>\n","protected":false},"featured_media":13185,"comment_status":"closed","ping_status":"open","template":"","meta":{"_gspb_post_css":""},"product_brand":[],"product_cat":[182,167],"product_tag":[],"class_list":{"0":"post-27469","1":"product","2":"type-product","3":"status-publish","4":"has-post-thumbnail","6":"product_cat-baaritoolid","7":"product_cat-soogituba","8":"pa_istmekorgus-93-115","9":"pa_kanga-tuup-kunstnahk","10":"pa_kanga-varv-kreemjas","11":"pa_korgus-464","12":"pa_laius-1327","13":"pa_lisafunktsioonid-reguleeritav-korgus","14":"pa_pakkide-arv-226","15":"pa_raami-materjal-metall","16":"pa_raami-varv-kroomitud","17":"pa_stiil-kaasaegne","18":"pa_sugavus-686","19":"pa_tooli-materjal-kunstnahk","20":"pa_tooli-materjal-liimpuitvineer","21":"pa_vahelaos-jah","22":"pa_varv-kreemjasvalge","23":"pa_varv-pahkel","25":"first","26":"instock","27":"sale","28":"purchasable","29":"product-type-simple"},"_links":{"self":[{"href":"https:\/\/www.nordi.ee\/en\/wp-json\/wp\/v2\/product\/27469","targetHints":{"allow":["GET"]}}],"collection":[{"href":"https:\/\/www.nordi.ee\/en\/wp-json\/wp\/v2\/product"}],"about":[{"href":"https:\/\/www.nordi.ee\/en\/wp-json\/wp\/v2\/types\/product"}],"replies":[{"embeddable":true,"href":"https:\/\/www.nordi.ee\/en\/wp-json\/wp\/v2\/comments?post=27469"}],"wp:featuredmedia":[{"embeddable":true,"href":"https:\/\/www.nordi.ee\/en\/wp-json\/wp\/v2\/media\/13185"}],"wp:attachment":[{"href":"https:\/\/www.nordi.ee\/en\/wp-json\/wp\/v2\/media?parent=27469"}],"wp:term":[{"taxonomy":"product_brand","embeddable":true,"href":"https:\/\/www.nordi.ee\/en\/wp-json\/wp\/v2\/product_brand?post=27469"},{"taxonomy":"product_cat","embeddable":true,"href":"https:\/\/www.nordi.ee\/en\/wp-json\/wp\/v2\/product_cat?post=27469"},{"taxonomy":"product_tag","embeddable":true,"href":"https:\/\/www.nordi.ee\/en\/wp-json\/wp\/v2\/product_tag?post=27469"}],"curies":[{"name":"wp","href":"https:\/\/api.w.org\/{rel}","templated":true}]}}