{"id":27468,"date":"2025-11-11T21:43:55","date_gmt":"2025-11-11T19:43:55","guid":{"rendered":"https:\/\/www.nordi.ee\/toode\/h44-baaritool-varv-hele-tamm-must\/"},"modified":"2026-04-13T05:07:12","modified_gmt":"2026-04-13T02:07:12","slug":"h44-baaritool-varv-hele-tamm-must","status":"publish","type":"product","link":"https:\/\/www.nordi.ee\/en\/toode\/h44-baaritool-varv-hele-tamm-must\/","title":{"rendered":"Baaritool BORELLO, tamm \/ must"},"content":{"rendered":"<p>m\u00f5\u00f5tmed: 53\/48\/93\u00f7115 cm, materjal: kroomteras \/ painutatud kasepuit \/ \u00f6koloogiline nahk, v\u00e4rv: puit &#8211; hele tamm, \u00f6koloogiline nahk &#8211; must<\/p>\n","protected":false},"excerpt":{"rendered":"<p>m\u00f5\u00f5tmed: 53\/48\/93\u00f7115 cm, materjal: kroomteras \/ painutatud kasepuit \/ \u00f6koloogiline nahk, v\u00e4rv: puit &#8211; hele tamm, \u00f6koloogiline nahk &#8211; must<\/p>\n","protected":false},"featured_media":13183,"comment_status":"closed","ping_status":"closed","template":"","meta":{"_gspb_post_css":""},"product_brand":[],"product_cat":[182,167],"product_tag":[],"class_list":{"0":"post-27468","1":"product","2":"type-product","3":"status-publish","4":"has-post-thumbnail","6":"product_cat-baaritoolid","7":"product_cat-soogituba","8":"pa_istmekorgus-93-115","9":"pa_kanga-tuup-kunstnahk","10":"pa_kanga-varv-must","11":"pa_korgus-464","12":"pa_laius-1327","13":"pa_lisafunktsioonid-reguleeritav-korgus","14":"pa_pakkide-arv-226","15":"pa_raami-materjal-metall","16":"pa_raami-varv-kroomitud","17":"pa_stiil-kaasaegne","18":"pa_sugavus-686","19":"pa_tooli-materjal-kunstnahk","20":"pa_tooli-materjal-liimpuitvineer","21":"pa_vahelaos-ei","22":"pa_varv-kroomitud","23":"pa_varv-must","24":"pa_varv-tamm","26":"first","27":"instock","28":"sale","29":"purchasable","30":"product-type-simple"},"_links":{"self":[{"href":"https:\/\/www.nordi.ee\/en\/wp-json\/wp\/v2\/product\/27468","targetHints":{"allow":["GET"]}}],"collection":[{"href":"https:\/\/www.nordi.ee\/en\/wp-json\/wp\/v2\/product"}],"about":[{"href":"https:\/\/www.nordi.ee\/en\/wp-json\/wp\/v2\/types\/product"}],"replies":[{"embeddable":true,"href":"https:\/\/www.nordi.ee\/en\/wp-json\/wp\/v2\/comments?post=27468"}],"wp:featuredmedia":[{"embeddable":true,"href":"https:\/\/www.nordi.ee\/en\/wp-json\/wp\/v2\/media\/13183"}],"wp:attachment":[{"href":"https:\/\/www.nordi.ee\/en\/wp-json\/wp\/v2\/media?parent=27468"}],"wp:term":[{"taxonomy":"product_brand","embeddable":true,"href":"https:\/\/www.nordi.ee\/en\/wp-json\/wp\/v2\/product_brand?post=27468"},{"taxonomy":"product_cat","embeddable":true,"href":"https:\/\/www.nordi.ee\/en\/wp-json\/wp\/v2\/product_cat?post=27468"},{"taxonomy":"product_tag","embeddable":true,"href":"https:\/\/www.nordi.ee\/en\/wp-json\/wp\/v2\/product_tag?post=27468"}],"curies":[{"name":"wp","href":"https:\/\/api.w.org\/{rel}","templated":true}]}}