{"id":27445,"date":"2025-11-11T21:43:00","date_gmt":"2025-11-11T19:43:00","guid":{"rendered":"https:\/\/www.nordi.ee\/toode\/h126-baaritool-beez-2\/"},"modified":"2026-04-13T05:07:06","modified_gmt":"2026-04-13T02:07:06","slug":"h126-baaritool-beez-2","status":"publish","type":"product","link":"https:\/\/www.nordi.ee\/en\/toode\/h126-baaritool-beez-2\/","title":{"rendered":"Baaritool ASHLA, bee\u017e"},"content":{"rendered":"<p>m\u00f5\u00f5tmed: 57\/61\/95\/65 cm, materjal: riie \/ pulberkattega teras, v\u00e4rv: bee\u017e<\/p>\n","protected":false},"excerpt":{"rendered":"<p>m\u00f5\u00f5tmed: 57\/61\/95\/65 cm, materjal: riie \/ pulberkattega teras, v\u00e4rv: bee\u017e<\/p>\n","protected":false},"featured_media":13165,"comment_status":"closed","ping_status":"closed","template":"","meta":{"_gspb_post_css":""},"product_brand":[],"product_cat":[182,167],"product_tag":[],"class_list":{"0":"post-27445","1":"product","2":"type-product","3":"status-publish","4":"has-post-thumbnail","6":"product_cat-baaritoolid","7":"product_cat-soogituba","8":"pa_istmekorgus-1361","9":"pa_kanga-varv-beez","10":"pa_korgus-411","11":"pa_laius-431","12":"pa_materjal-pulberkattega-teras","13":"pa_pakkide-arv-226","14":"pa_raami-materjal-metall","15":"pa_raami-varv-must","16":"pa_stiil-kaasaegne","17":"pa_sugavus-1255","18":"pa_tooli-materjal-kangas","19":"pa_vahelaos-jah","20":"pa_varv-beez","22":"first","23":"instock","24":"sale","25":"purchasable","26":"product-type-simple"},"_links":{"self":[{"href":"https:\/\/www.nordi.ee\/en\/wp-json\/wp\/v2\/product\/27445","targetHints":{"allow":["GET"]}}],"collection":[{"href":"https:\/\/www.nordi.ee\/en\/wp-json\/wp\/v2\/product"}],"about":[{"href":"https:\/\/www.nordi.ee\/en\/wp-json\/wp\/v2\/types\/product"}],"replies":[{"embeddable":true,"href":"https:\/\/www.nordi.ee\/en\/wp-json\/wp\/v2\/comments?post=27445"}],"wp:featuredmedia":[{"embeddable":true,"href":"https:\/\/www.nordi.ee\/en\/wp-json\/wp\/v2\/media\/13165"}],"wp:attachment":[{"href":"https:\/\/www.nordi.ee\/en\/wp-json\/wp\/v2\/media?parent=27445"}],"wp:term":[{"taxonomy":"product_brand","embeddable":true,"href":"https:\/\/www.nordi.ee\/en\/wp-json\/wp\/v2\/product_brand?post=27445"},{"taxonomy":"product_cat","embeddable":true,"href":"https:\/\/www.nordi.ee\/en\/wp-json\/wp\/v2\/product_cat?post=27445"},{"taxonomy":"product_tag","embeddable":true,"href":"https:\/\/www.nordi.ee\/en\/wp-json\/wp\/v2\/product_tag?post=27445"}],"curies":[{"name":"wp","href":"https:\/\/api.w.org\/{rel}","templated":true}]}}