{"id":27419,"date":"2025-11-11T21:41:11","date_gmt":"2025-11-11T19:41:11","guid":{"rendered":"https:\/\/www.nordi.ee\/toode\/baaritool-ebor-must-pahkel\/"},"modified":"2026-04-13T05:07:05","modified_gmt":"2026-04-13T02:07:05","slug":"baaritool-ebor-must-pahkel","status":"publish","type":"product","link":"https:\/\/www.nordi.ee\/en\/toode\/baaritool-ebor-must-pahkel\/","title":{"rendered":"Baaritool EBOR, must \/ p\u00e4hkel"},"content":{"rendered":"<p>m\u00f5\u00f5tmed: 55\/52\/93-114\/62-83 cm, sametkangas \/ k\u00f5verdatud vineer \/ pulberkattega teras, v\u00e4rv: must \/ p\u00e4hkel<\/p>\n","protected":false},"excerpt":{"rendered":"<p>m\u00f5\u00f5tmed: 55\/52\/93-114\/62-83 cm, sametkangas \/ k\u00f5verdatud vineer \/ pulberkattega teras, v\u00e4rv: must \/ p\u00e4hkel<\/p>\n","protected":false},"featured_media":13153,"comment_status":"closed","ping_status":"open","template":"","meta":{"_gspb_post_css":""},"product_brand":[],"product_cat":[182,167],"product_tag":[],"class_list":{"0":"post-27419","1":"product","2":"type-product","3":"status-publish","4":"has-post-thumbnail","6":"product_cat-baaritoolid","7":"product_cat-soogituba","8":"pa_istmekorgus-62-83","9":"pa_kanga-varv-must","10":"pa_korgus-464","11":"pa_laius-537","12":"pa_lisafunktsioonid-reguleeritav-korgus","13":"pa_materjal-pulberkattega-teras","14":"pa_pakkide-arv-226","15":"pa_raami-materjal-liimpuitvineer","16":"pa_raami-varv-pahkel","17":"pa_stiil-kaasaegne","18":"pa_sugavus-1322","19":"pa_tooli-materjal-sametkangas","20":"pa_vahelaos-ei","21":"pa_varv-must","23":"first","24":"instock","25":"sale","26":"purchasable","27":"product-type-simple"},"_links":{"self":[{"href":"https:\/\/www.nordi.ee\/en\/wp-json\/wp\/v2\/product\/27419","targetHints":{"allow":["GET"]}}],"collection":[{"href":"https:\/\/www.nordi.ee\/en\/wp-json\/wp\/v2\/product"}],"about":[{"href":"https:\/\/www.nordi.ee\/en\/wp-json\/wp\/v2\/types\/product"}],"replies":[{"embeddable":true,"href":"https:\/\/www.nordi.ee\/en\/wp-json\/wp\/v2\/comments?post=27419"}],"wp:featuredmedia":[{"embeddable":true,"href":"https:\/\/www.nordi.ee\/en\/wp-json\/wp\/v2\/media\/13153"}],"wp:attachment":[{"href":"https:\/\/www.nordi.ee\/en\/wp-json\/wp\/v2\/media?parent=27419"}],"wp:term":[{"taxonomy":"product_brand","embeddable":true,"href":"https:\/\/www.nordi.ee\/en\/wp-json\/wp\/v2\/product_brand?post=27419"},{"taxonomy":"product_cat","embeddable":true,"href":"https:\/\/www.nordi.ee\/en\/wp-json\/wp\/v2\/product_cat?post=27419"},{"taxonomy":"product_tag","embeddable":true,"href":"https:\/\/www.nordi.ee\/en\/wp-json\/wp\/v2\/product_tag?post=27419"}],"curies":[{"name":"wp","href":"https:\/\/api.w.org\/{rel}","templated":true}]}}