{"id":27400,"date":"2025-11-11T21:41:11","date_gmt":"2025-11-11T19:41:11","guid":{"rendered":"https:\/\/www.nordi.ee\/toode\/baaritool-walnor-must-pahkel\/"},"modified":"2026-04-13T05:07:04","modified_gmt":"2026-04-13T02:07:04","slug":"baaritool-walnor-must-pahkel","status":"publish","type":"product","link":"https:\/\/www.nordi.ee\/en\/toode\/baaritool-walnor-must-pahkel\/","title":{"rendered":"Baaritool WALNOR, must \/ p\u00e4hkel"},"content":{"rendered":"<p>m\u00f5\u00f5tmed: 55\/51\/91\/63 cm, \u00f6kokunstnahk \/ painutatud vineer \/ kromitud teras, v\u00e4rv: must \/ p\u00e4hkel<\/p>\n","protected":false},"excerpt":{"rendered":"<p>m\u00f5\u00f5tmed: 55\/51\/91\/63 cm, \u00f6kokunstnahk \/ painutatud vineer \/ kromitud teras, v\u00e4rv: must \/ p\u00e4hkel<\/p>\n","protected":false},"featured_media":13145,"comment_status":"closed","ping_status":"open","template":"","meta":{"_gspb_post_css":""},"product_brand":[],"product_cat":[182,167],"product_tag":[],"class_list":{"0":"post-27400","1":"product","2":"type-product","3":"status-publish","4":"has-post-thumbnail","6":"product_cat-baaritoolid","7":"product_cat-soogituba","8":"pa_istmekorgus-1380","9":"pa_kanga-varv-must","10":"pa_korgus-934","11":"pa_laius-537","12":"pa_materjal-kroomitud-teras","13":"pa_pakkide-arv-226","14":"pa_raami-materjal-liimpuitvineer","15":"pa_raami-varv-pahkel","16":"pa_stiil-kaasaegne","17":"pa_sugavus-433","18":"pa_tooli-materjal-kunstnahk","19":"pa_vahelaos-ei","20":"pa_varv-must","22":"first","23":"instock","24":"sale","25":"purchasable","26":"product-type-simple"},"_links":{"self":[{"href":"https:\/\/www.nordi.ee\/en\/wp-json\/wp\/v2\/product\/27400","targetHints":{"allow":["GET"]}}],"collection":[{"href":"https:\/\/www.nordi.ee\/en\/wp-json\/wp\/v2\/product"}],"about":[{"href":"https:\/\/www.nordi.ee\/en\/wp-json\/wp\/v2\/types\/product"}],"replies":[{"embeddable":true,"href":"https:\/\/www.nordi.ee\/en\/wp-json\/wp\/v2\/comments?post=27400"}],"wp:featuredmedia":[{"embeddable":true,"href":"https:\/\/www.nordi.ee\/en\/wp-json\/wp\/v2\/media\/13145"}],"wp:attachment":[{"href":"https:\/\/www.nordi.ee\/en\/wp-json\/wp\/v2\/media?parent=27400"}],"wp:term":[{"taxonomy":"product_brand","embeddable":true,"href":"https:\/\/www.nordi.ee\/en\/wp-json\/wp\/v2\/product_brand?post=27400"},{"taxonomy":"product_cat","embeddable":true,"href":"https:\/\/www.nordi.ee\/en\/wp-json\/wp\/v2\/product_cat?post=27400"},{"taxonomy":"product_tag","embeddable":true,"href":"https:\/\/www.nordi.ee\/en\/wp-json\/wp\/v2\/product_tag?post=27400"}],"curies":[{"name":"wp","href":"https:\/\/api.w.org\/{rel}","templated":true}]}}