{"id":27293,"date":"2025-11-11T21:35:04","date_gmt":"2025-11-11T19:35:04","guid":{"rendered":"https:\/\/www.nordi.ee\/toode\/h118-baaritool-beez-2\/"},"modified":"2026-04-13T05:06:57","modified_gmt":"2026-04-13T02:06:57","slug":"h118-baaritool-beez-2","status":"publish","type":"product","link":"https:\/\/www.nordi.ee\/en\/toode\/h118-baaritool-beez-2\/","title":{"rendered":"Baaritool OLVIRA, bee\u017e"},"content":{"rendered":"<p>m\u00f5\u00f5tmed: 53\/57\/90\/65 cm, kangas \/ pulberv\u00e4rvitud teras, v\u00e4rv: bee\u017e<\/p>\n","protected":false},"excerpt":{"rendered":"<p>m\u00f5\u00f5tmed: 53\/57\/90\/65 cm, kangas \/ pulberv\u00e4rvitud teras, v\u00e4rv: bee\u017e<\/p>\n","protected":false},"featured_media":13101,"comment_status":"closed","ping_status":"closed","template":"","meta":{"_gspb_post_css":""},"product_brand":[],"product_cat":[182,167],"product_tag":[],"class_list":{"0":"post-27293","1":"product","2":"type-product","3":"status-publish","4":"has-post-thumbnail","6":"product_cat-baaritoolid","7":"product_cat-soogituba","8":"pa_istmekorgus-1361","9":"pa_kanga-varv-beez","10":"pa_korgus-678","11":"pa_laius-1327","12":"pa_materjal-pulberkattega-teras","13":"pa_pakkide-arv-226","14":"pa_raami-materjal-metall","15":"pa_raami-varv-must","16":"pa_stiil-kaasaegne","17":"pa_sugavus-604","18":"pa_tooli-materjal-kangas","19":"pa_vahelaos-jah","20":"pa_varv-beez","22":"first","23":"instock","24":"sale","25":"purchasable","26":"product-type-simple"},"_links":{"self":[{"href":"https:\/\/www.nordi.ee\/en\/wp-json\/wp\/v2\/product\/27293","targetHints":{"allow":["GET"]}}],"collection":[{"href":"https:\/\/www.nordi.ee\/en\/wp-json\/wp\/v2\/product"}],"about":[{"href":"https:\/\/www.nordi.ee\/en\/wp-json\/wp\/v2\/types\/product"}],"replies":[{"embeddable":true,"href":"https:\/\/www.nordi.ee\/en\/wp-json\/wp\/v2\/comments?post=27293"}],"wp:featuredmedia":[{"embeddable":true,"href":"https:\/\/www.nordi.ee\/en\/wp-json\/wp\/v2\/media\/13101"}],"wp:attachment":[{"href":"https:\/\/www.nordi.ee\/en\/wp-json\/wp\/v2\/media?parent=27293"}],"wp:term":[{"taxonomy":"product_brand","embeddable":true,"href":"https:\/\/www.nordi.ee\/en\/wp-json\/wp\/v2\/product_brand?post=27293"},{"taxonomy":"product_cat","embeddable":true,"href":"https:\/\/www.nordi.ee\/en\/wp-json\/wp\/v2\/product_cat?post=27293"},{"taxonomy":"product_tag","embeddable":true,"href":"https:\/\/www.nordi.ee\/en\/wp-json\/wp\/v2\/product_tag?post=27293"}],"curies":[{"name":"wp","href":"https:\/\/api.w.org\/{rel}","templated":true}]}}