{"id":27234,"date":"2025-11-11T21:33:04","date_gmt":"2025-11-11T19:33:04","guid":{"rendered":"https:\/\/www.nordi.ee\/toode\/h114-baaritool-beez-pahkel-2\/"},"modified":"2026-04-13T05:06:53","modified_gmt":"2026-04-13T02:06:53","slug":"h114-baaritool-beez-pahkel-2","status":"publish","type":"product","link":"https:\/\/www.nordi.ee\/en\/toode\/h114-baaritool-beez-pahkel-2\/","title":{"rendered":"Baaritool STONEL, bee\u017e \/ p\u00e4hkel"},"content":{"rendered":"<p>m\u00f5\u00f5tmed: 48\/52\/92\/65 cm, kangas \/ v\u00e4rvitud teras, v\u00e4rvid: bee\u017e &#8211; p\u00e4hklipuu<\/p>\n","protected":false},"excerpt":{"rendered":"<p>m\u00f5\u00f5tmed: 48\/52\/92\/65 cm, kangas \/ v\u00e4rvitud teras, v\u00e4rvid: bee\u017e &#8211; p\u00e4hklipuu<\/p>\n","protected":false},"featured_media":13073,"comment_status":"closed","ping_status":"closed","template":"","meta":{"_gspb_post_css":""},"product_brand":[],"product_cat":[182,167],"product_tag":[],"class_list":{"0":"post-27234","1":"product","2":"type-product","3":"status-publish","4":"has-post-thumbnail","6":"product_cat-baaritoolid","7":"product_cat-soogituba","8":"pa_istmekorgus-1361","9":"pa_kanga-varv-beez","10":"pa_korgus-758","11":"pa_laius-967","12":"pa_materjal-varvitud-teras","13":"pa_pakkide-arv-226","14":"pa_raami-materjal-metall","15":"pa_raami-varv-pahkel","16":"pa_stiil-klassikaline","17":"pa_stiil-modernne","18":"pa_stiil-retro","19":"pa_sugavus-1322","20":"pa_tooli-materjal-kangas","21":"pa_vahelaos-ei","22":"pa_varv-beez","24":"first","25":"instock","26":"sale","27":"purchasable","28":"product-type-simple"},"_links":{"self":[{"href":"https:\/\/www.nordi.ee\/en\/wp-json\/wp\/v2\/product\/27234","targetHints":{"allow":["GET"]}}],"collection":[{"href":"https:\/\/www.nordi.ee\/en\/wp-json\/wp\/v2\/product"}],"about":[{"href":"https:\/\/www.nordi.ee\/en\/wp-json\/wp\/v2\/types\/product"}],"replies":[{"embeddable":true,"href":"https:\/\/www.nordi.ee\/en\/wp-json\/wp\/v2\/comments?post=27234"}],"wp:featuredmedia":[{"embeddable":true,"href":"https:\/\/www.nordi.ee\/en\/wp-json\/wp\/v2\/media\/13073"}],"wp:attachment":[{"href":"https:\/\/www.nordi.ee\/en\/wp-json\/wp\/v2\/media?parent=27234"}],"wp:term":[{"taxonomy":"product_brand","embeddable":true,"href":"https:\/\/www.nordi.ee\/en\/wp-json\/wp\/v2\/product_brand?post=27234"},{"taxonomy":"product_cat","embeddable":true,"href":"https:\/\/www.nordi.ee\/en\/wp-json\/wp\/v2\/product_cat?post=27234"},{"taxonomy":"product_tag","embeddable":true,"href":"https:\/\/www.nordi.ee\/en\/wp-json\/wp\/v2\/product_tag?post=27234"}],"curies":[{"name":"wp","href":"https:\/\/api.w.org\/{rel}","templated":true}]}}