{"id":27191,"date":"2025-11-11T21:31:17","date_gmt":"2025-11-11T19:31:17","guid":{"rendered":"https:\/\/www.nordi.ee\/toode\/baaritool-ivorin-kreemjas-pahkel\/"},"modified":"2026-04-13T05:06:51","modified_gmt":"2026-04-13T02:06:51","slug":"baaritool-ivorin-kreemjas-pahkel","status":"publish","type":"product","link":"https:\/\/www.nordi.ee\/en\/toode\/baaritool-ivorin-kreemjas-pahkel\/","title":{"rendered":"Baaritool IVORIN, kreemjas \/ p\u00e4hkel"},"content":{"rendered":"<p>m\u00f5\u00f5dud: 47\/43\/84\/66 cm, boucle kangas \/ k\u00f5verdatud puit \/ kroomteras, v\u00e4rv: kreem \/ p\u00e4hkel<\/p>\n","protected":false},"excerpt":{"rendered":"<p>m\u00f5\u00f5dud: 47\/43\/84\/66 cm, boucle kangas \/ k\u00f5verdatud puit \/ kroomteras, v\u00e4rv: kreem \/ p\u00e4hkel<\/p>\n","protected":false},"featured_media":13057,"comment_status":"closed","ping_status":"open","template":"","meta":{"_gspb_post_css":""},"product_brand":[],"product_cat":[182,167],"product_tag":[],"class_list":{"0":"post-27191","1":"product","2":"type-product","3":"status-publish","4":"has-post-thumbnail","6":"product_cat-baaritoolid","7":"product_cat-soogituba","8":"pa_istmekorgus-1365","9":"pa_kanga-varv-kreemjas","10":"pa_korgus-1363","11":"pa_laius-1004","12":"pa_materjal-kroomitud-teras","13":"pa_pakkide-arv-226","14":"pa_raami-materjal-puit","15":"pa_raami-varv-pahkel","16":"pa_stiil-klassikaline","17":"pa_stiil-moodne","18":"pa_sugavus-1364","19":"pa_tooli-materjal-boucle-kangas","20":"pa_vahelaos-ei","21":"pa_varv-kreemjas","23":"first","24":"instock","25":"sale","26":"purchasable","27":"product-type-simple"},"_links":{"self":[{"href":"https:\/\/www.nordi.ee\/en\/wp-json\/wp\/v2\/product\/27191","targetHints":{"allow":["GET"]}}],"collection":[{"href":"https:\/\/www.nordi.ee\/en\/wp-json\/wp\/v2\/product"}],"about":[{"href":"https:\/\/www.nordi.ee\/en\/wp-json\/wp\/v2\/types\/product"}],"replies":[{"embeddable":true,"href":"https:\/\/www.nordi.ee\/en\/wp-json\/wp\/v2\/comments?post=27191"}],"wp:featuredmedia":[{"embeddable":true,"href":"https:\/\/www.nordi.ee\/en\/wp-json\/wp\/v2\/media\/13057"}],"wp:attachment":[{"href":"https:\/\/www.nordi.ee\/en\/wp-json\/wp\/v2\/media?parent=27191"}],"wp:term":[{"taxonomy":"product_brand","embeddable":true,"href":"https:\/\/www.nordi.ee\/en\/wp-json\/wp\/v2\/product_brand?post=27191"},{"taxonomy":"product_cat","embeddable":true,"href":"https:\/\/www.nordi.ee\/en\/wp-json\/wp\/v2\/product_cat?post=27191"},{"taxonomy":"product_tag","embeddable":true,"href":"https:\/\/www.nordi.ee\/en\/wp-json\/wp\/v2\/product_tag?post=27191"}],"curies":[{"name":"wp","href":"https:\/\/api.w.org\/{rel}","templated":true}]}}