{"id":27091,"date":"2025-11-11T21:25:25","date_gmt":"2025-11-11T19:25:25","guid":{"rendered":"https:\/\/www.nordi.ee\/toode\/h101-baaritool-beez-2\/"},"modified":"2026-04-13T05:06:41","modified_gmt":"2026-04-13T02:06:41","slug":"h101-baaritool-beez-2","status":"publish","type":"product","link":"https:\/\/www.nordi.ee\/en\/toode\/h101-baaritool-beez-2\/","title":{"rendered":"Baaritool VERDOR, bee\u017e"},"content":{"rendered":"<p>m\u00f5\u00f5tmed: 84-106\/47\/45\/60-82 cm, sametkangas \/ pulberkattega teras, v\u00e4rv: bee\u017e &#8211; BLUVEL 28<\/p>\n","protected":false},"excerpt":{"rendered":"<p>m\u00f5\u00f5tmed: 84-106\/47\/45\/60-82 cm, sametkangas \/ pulberkattega teras, v\u00e4rv: bee\u017e &#8211; BLUVEL 28<\/p>\n","protected":false},"featured_media":12997,"comment_status":"closed","ping_status":"closed","template":"","meta":{"_gspb_post_css":""},"product_brand":[],"product_cat":[182,167],"product_tag":[],"class_list":{"0":"post-27091","1":"product","2":"type-product","3":"status-publish","4":"has-post-thumbnail","6":"product_cat-baaritoolid","7":"product_cat-soogituba","8":"pa_istmekorgus-60-82","9":"pa_kanga-tuup-sametkangas","10":"pa_kanga-varv-beez","11":"pa_korgus-1363","12":"pa_laius-1004","13":"pa_lisafunktsioonid-reguleeritav-korgus","14":"pa_materjal-pulberkattega-teras","15":"pa_pakkide-arv-226","16":"pa_raami-materjal-metall","17":"pa_raami-varv-must","18":"pa_stiil-kaasaegne","19":"pa_sugavus-221","20":"pa_tooli-materjal-sametkangas","21":"pa_vahelaos-jah","22":"pa_varv-beez","24":"first","25":"instock","26":"sale","27":"purchasable","28":"product-type-simple"},"_links":{"self":[{"href":"https:\/\/www.nordi.ee\/en\/wp-json\/wp\/v2\/product\/27091","targetHints":{"allow":["GET"]}}],"collection":[{"href":"https:\/\/www.nordi.ee\/en\/wp-json\/wp\/v2\/product"}],"about":[{"href":"https:\/\/www.nordi.ee\/en\/wp-json\/wp\/v2\/types\/product"}],"replies":[{"embeddable":true,"href":"https:\/\/www.nordi.ee\/en\/wp-json\/wp\/v2\/comments?post=27091"}],"wp:featuredmedia":[{"embeddable":true,"href":"https:\/\/www.nordi.ee\/en\/wp-json\/wp\/v2\/media\/12997"}],"wp:attachment":[{"href":"https:\/\/www.nordi.ee\/en\/wp-json\/wp\/v2\/media?parent=27091"}],"wp:term":[{"taxonomy":"product_brand","embeddable":true,"href":"https:\/\/www.nordi.ee\/en\/wp-json\/wp\/v2\/product_brand?post=27091"},{"taxonomy":"product_cat","embeddable":true,"href":"https:\/\/www.nordi.ee\/en\/wp-json\/wp\/v2\/product_cat?post=27091"},{"taxonomy":"product_tag","embeddable":true,"href":"https:\/\/www.nordi.ee\/en\/wp-json\/wp\/v2\/product_tag?post=27091"}],"curies":[{"name":"wp","href":"https:\/\/api.w.org\/{rel}","templated":true}]}}