{"id":26992,"date":"2025-11-11T21:21:33","date_gmt":"2025-11-11T19:21:33","guid":{"rendered":"https:\/\/www.nordi.ee\/toode\/kontoritool-grento-varv-tumehall\/"},"modified":"2026-04-13T05:06:23","modified_gmt":"2026-04-13T02:06:23","slug":"kontoritool-grento-varv-tumehall","status":"publish","type":"product","link":"https:\/\/www.nordi.ee\/en\/toode\/kontoritool-grento-varv-tumehall\/","title":{"rendered":"Kontoritool GRENTO, v\u00e4rv: tumehall"},"content":{"rendered":"<p>TILT mehhanism, m\u00f5\u00f5dud: 53\/60\/98\u00f7110 cm, materjal: \u00f6koloogiline nahk, v\u00e4rv: tumehall<\/p>\n","protected":false},"excerpt":{"rendered":"<p>TILT mehhanism, m\u00f5\u00f5dud: 53\/60\/98\u00f7110 cm, materjal: \u00f6koloogiline nahk, v\u00e4rv: tumehall<\/p>\n","protected":false},"featured_media":12923,"comment_status":"closed","ping_status":"open","template":"","meta":{"_gspb_post_css":""},"product_brand":[],"product_cat":[216,4063],"product_tag":[],"class_list":{"0":"post-26992","1":"product","2":"type-product","3":"status-publish","4":"has-post-thumbnail","6":"product_cat-kontor","7":"product_cat-kontoritoolid","8":"pa_istmekorgus-48-60","9":"pa_kaetugi-fikseeritud-kaetugi","10":"pa_kandevoime-90-kg","11":"pa_kanga-varv-hall","12":"pa_kanga-varv-tumehall","13":"pa_korgus-464","14":"pa_laius-1327","15":"pa_mehhanism-kallutus","16":"pa_pakkide-arv-226","17":"pa_peatugi-ilma-peatugedeta","18":"pa_ratta-tuup-normaalne","19":"pa_stiil-traditsiooniline","20":"pa_sugavus-316","21":"pa_tooli-materjal-kangas","22":"pa_tuba-lastetuba","23":"pa_vahelaos-jah","24":"pa_varv-hall","26":"first","27":"instock","28":"sale","29":"purchasable","30":"product-type-simple"},"_links":{"self":[{"href":"https:\/\/www.nordi.ee\/en\/wp-json\/wp\/v2\/product\/26992","targetHints":{"allow":["GET"]}}],"collection":[{"href":"https:\/\/www.nordi.ee\/en\/wp-json\/wp\/v2\/product"}],"about":[{"href":"https:\/\/www.nordi.ee\/en\/wp-json\/wp\/v2\/types\/product"}],"replies":[{"embeddable":true,"href":"https:\/\/www.nordi.ee\/en\/wp-json\/wp\/v2\/comments?post=26992"}],"wp:featuredmedia":[{"embeddable":true,"href":"https:\/\/www.nordi.ee\/en\/wp-json\/wp\/v2\/media\/12923"}],"wp:attachment":[{"href":"https:\/\/www.nordi.ee\/en\/wp-json\/wp\/v2\/media?parent=26992"}],"wp:term":[{"taxonomy":"product_brand","embeddable":true,"href":"https:\/\/www.nordi.ee\/en\/wp-json\/wp\/v2\/product_brand?post=26992"},{"taxonomy":"product_cat","embeddable":true,"href":"https:\/\/www.nordi.ee\/en\/wp-json\/wp\/v2\/product_cat?post=26992"},{"taxonomy":"product_tag","embeddable":true,"href":"https:\/\/www.nordi.ee\/en\/wp-json\/wp\/v2\/product_tag?post=26992"}],"curies":[{"name":"wp","href":"https:\/\/api.w.org\/{rel}","templated":true}]}}