{"id":26991,"date":"2025-11-11T21:21:33","date_gmt":"2025-11-11T19:21:33","guid":{"rendered":"https:\/\/www.nordi.ee\/toode\/gonzo-2-laste-tool-varv-roosa-2\/"},"modified":"2026-04-13T05:06:21","modified_gmt":"2026-04-13T02:06:21","slug":"gonzo-2-laste-tool-varv-roosa-2","status":"publish","type":"product","link":"https:\/\/www.nordi.ee\/en\/toode\/gonzo-2-laste-tool-varv-roosa-2\/","title":{"rendered":"Kontoritool lastele GONZO 2, roosa"},"content":{"rendered":"<p>TILT mehhanism, m\u00f5\u00f5dud: 53\/60\/93\u00f7105 cm, materjal: \u00f6kotehnilise naha, v\u00e4rv: roosa<\/p>\n","protected":false},"excerpt":{"rendered":"<p>TILT mehhanism, m\u00f5\u00f5dud: 53\/60\/93\u00f7105 cm, materjal: \u00f6kotehnilise naha, v\u00e4rv: roosa<\/p>\n","protected":false},"featured_media":12919,"comment_status":"closed","ping_status":"closed","template":"","meta":{"_gspb_post_css":""},"product_brand":[],"product_cat":[216,4063],"product_tag":[],"class_list":{"0":"post-26991","1":"product","2":"type-product","3":"status-publish","4":"has-post-thumbnail","6":"product_cat-kontor","7":"product_cat-kontoritoolid","8":"pa_istmekorgus-48-60","9":"pa_kaetugi-fikseeritud-kaetugi","10":"pa_kandevoime-90-kg","11":"pa_kanga-varv-roosa","12":"pa_korgus-464","13":"pa_laius-1327","14":"pa_mehhanism-kallutus","15":"pa_pakkide-arv-226","16":"pa_peatugi-ilma-peatugedeta","17":"pa_ratta-tuup-normaalne","18":"pa_stiil-kaasaegne","19":"pa_sugavus-316","20":"pa_tooli-materjal-kunstnahk","21":"pa_tuba-lastetuba","22":"pa_vahelaos-jah","24":"first","25":"instock","26":"sale","27":"purchasable","28":"product-type-simple"},"_links":{"self":[{"href":"https:\/\/www.nordi.ee\/en\/wp-json\/wp\/v2\/product\/26991","targetHints":{"allow":["GET"]}}],"collection":[{"href":"https:\/\/www.nordi.ee\/en\/wp-json\/wp\/v2\/product"}],"about":[{"href":"https:\/\/www.nordi.ee\/en\/wp-json\/wp\/v2\/types\/product"}],"replies":[{"embeddable":true,"href":"https:\/\/www.nordi.ee\/en\/wp-json\/wp\/v2\/comments?post=26991"}],"wp:featuredmedia":[{"embeddable":true,"href":"https:\/\/www.nordi.ee\/en\/wp-json\/wp\/v2\/media\/12919"}],"wp:attachment":[{"href":"https:\/\/www.nordi.ee\/en\/wp-json\/wp\/v2\/media?parent=26991"}],"wp:term":[{"taxonomy":"product_brand","embeddable":true,"href":"https:\/\/www.nordi.ee\/en\/wp-json\/wp\/v2\/product_brand?post=26991"},{"taxonomy":"product_cat","embeddable":true,"href":"https:\/\/www.nordi.ee\/en\/wp-json\/wp\/v2\/product_cat?post=26991"},{"taxonomy":"product_tag","embeddable":true,"href":"https:\/\/www.nordi.ee\/en\/wp-json\/wp\/v2\/product_tag?post=26991"}],"curies":[{"name":"wp","href":"https:\/\/api.w.org\/{rel}","templated":true}]}}