{"id":26990,"date":"2025-11-11T21:20:33","date_gmt":"2025-11-11T19:20:33","guid":{"rendered":"https:\/\/www.nordi.ee\/toode\/kontoritool-noldoa-varv-lilla\/"},"modified":"2026-04-13T05:06:20","modified_gmt":"2026-04-13T02:06:20","slug":"kontoritool-noldoa-varv-lilla","status":"publish","type":"product","link":"https:\/\/www.nordi.ee\/en\/toode\/kontoritool-noldoa-varv-lilla\/","title":{"rendered":"Kontoritool NOLDOA, v\u00e4rv: lilla"},"content":{"rendered":"<p>TILT mehhanism, m\u00f5\u00f5tmed: 53\/60\/93\u00f7105 cm, materjal: \u00f6kokoer, v\u00e4rv: lilla<\/p>\n","protected":false},"excerpt":{"rendered":"<p>TILT mehhanism, m\u00f5\u00f5tmed: 53\/60\/93\u00f7105 cm, materjal: \u00f6kokoer, v\u00e4rv: lilla<\/p>\n","protected":false},"featured_media":12915,"comment_status":"closed","ping_status":"open","template":"","meta":{"_gspb_post_css":""},"product_brand":[],"product_cat":[216,4063],"product_tag":[],"class_list":{"0":"post-26990","1":"product","2":"type-product","3":"status-publish","4":"has-post-thumbnail","6":"product_cat-kontor","7":"product_cat-kontoritoolid","8":"pa_istmekorgus-48-60","9":"pa_kaetugi-fikseeritud-kaetugi","10":"pa_kandevoime-90-kg","11":"pa_kanga-varv-lilla","12":"pa_korgus-464","13":"pa_laius-1327","14":"pa_mehhanism-kallutus","15":"pa_pakkide-arv-226","16":"pa_peatugi-ilma-peatugedeta","17":"pa_ratta-tuup-normaalne","18":"pa_stiil-kaasaegne","19":"pa_sugavus-316","20":"pa_tooli-materjal-kunstnahk","21":"pa_tuba-lastetuba","22":"pa_vahelaos-jah","24":"first","25":"instock","26":"sale","27":"purchasable","28":"product-type-simple"},"_links":{"self":[{"href":"https:\/\/www.nordi.ee\/en\/wp-json\/wp\/v2\/product\/26990","targetHints":{"allow":["GET"]}}],"collection":[{"href":"https:\/\/www.nordi.ee\/en\/wp-json\/wp\/v2\/product"}],"about":[{"href":"https:\/\/www.nordi.ee\/en\/wp-json\/wp\/v2\/types\/product"}],"replies":[{"embeddable":true,"href":"https:\/\/www.nordi.ee\/en\/wp-json\/wp\/v2\/comments?post=26990"}],"wp:featuredmedia":[{"embeddable":true,"href":"https:\/\/www.nordi.ee\/en\/wp-json\/wp\/v2\/media\/12915"}],"wp:attachment":[{"href":"https:\/\/www.nordi.ee\/en\/wp-json\/wp\/v2\/media?parent=26990"}],"wp:term":[{"taxonomy":"product_brand","embeddable":true,"href":"https:\/\/www.nordi.ee\/en\/wp-json\/wp\/v2\/product_brand?post=26990"},{"taxonomy":"product_cat","embeddable":true,"href":"https:\/\/www.nordi.ee\/en\/wp-json\/wp\/v2\/product_cat?post=26990"},{"taxonomy":"product_tag","embeddable":true,"href":"https:\/\/www.nordi.ee\/en\/wp-json\/wp\/v2\/product_tag?post=26990"}],"curies":[{"name":"wp","href":"https:\/\/api.w.org\/{rel}","templated":true}]}}