{"id":26977,"date":"2025-11-11T21:20:33","date_gmt":"2025-11-11T19:20:33","guid":{"rendered":"https:\/\/www.nordi.ee\/toode\/soogilaud-gomez-suitsutatud-klaas\/"},"modified":"2026-04-13T05:06:15","modified_gmt":"2026-04-13T02:06:15","slug":"soogilaud-gomez-suitsutatud-klaas","status":"publish","type":"product","link":"https:\/\/www.nordi.ee\/en\/toode\/soogilaud-gomez-suitsutatud-klaas\/","title":{"rendered":"S\u00f6\u00f6gilaud GOMEZ, suitsutatud klaas"},"content":{"rendered":"<p>m\u00f5\u00f5tmed: 120\/80\/74 cm, materjal: klaas \/ pol\u00fcprop\u00fcleen, v\u00e4rv: suitsune<\/p>\n","protected":false},"excerpt":{"rendered":"<p>m\u00f5\u00f5tmed: 120\/80\/74 cm, materjal: klaas \/ pol\u00fcprop\u00fcleen, v\u00e4rv: suitsune<\/p>\n","protected":false},"featured_media":12903,"comment_status":"closed","ping_status":"open","template":"","meta":{"_gspb_post_css":""},"product_brand":[],"product_cat":[190,167],"product_tag":[],"class_list":{"0":"post-26977","1":"product","2":"type-product","3":"status-publish","4":"has-post-thumbnail","6":"product_cat-soogilauad","7":"product_cat-soogituba","8":"pa_jalgade-arv-289","9":"pa_korgus-677","10":"pa_laius-353","11":"pa_laua-suurus-6-person-4-person","12":"pa_laua-varvus-labipaistev-klaas","13":"pa_lauaplaadi-kuju-ristkulikukujuline","14":"pa_lauaplaadi-materjal-klaas","15":"pa_pakkide-arv-295","16":"pa_pikendatav-ei","17":"pa_raami-materjal-polukarbonaat","18":"pa_raami-varv-suitsutatud","19":"pa_stiil-glamuur","20":"pa_stiil-moodne","21":"pa_sugavus-1832","22":"pa_vahelaos-ei","23":"pa_varv-labipaistev","24":"pa_varv-suitsutatud","26":"first","27":"instock","28":"sale","29":"purchasable","30":"product-type-simple"},"_links":{"self":[{"href":"https:\/\/www.nordi.ee\/en\/wp-json\/wp\/v2\/product\/26977","targetHints":{"allow":["GET"]}}],"collection":[{"href":"https:\/\/www.nordi.ee\/en\/wp-json\/wp\/v2\/product"}],"about":[{"href":"https:\/\/www.nordi.ee\/en\/wp-json\/wp\/v2\/types\/product"}],"replies":[{"embeddable":true,"href":"https:\/\/www.nordi.ee\/en\/wp-json\/wp\/v2\/comments?post=26977"}],"wp:featuredmedia":[{"embeddable":true,"href":"https:\/\/www.nordi.ee\/en\/wp-json\/wp\/v2\/media\/12903"}],"wp:attachment":[{"href":"https:\/\/www.nordi.ee\/en\/wp-json\/wp\/v2\/media?parent=26977"}],"wp:term":[{"taxonomy":"product_brand","embeddable":true,"href":"https:\/\/www.nordi.ee\/en\/wp-json\/wp\/v2\/product_brand?post=26977"},{"taxonomy":"product_cat","embeddable":true,"href":"https:\/\/www.nordi.ee\/en\/wp-json\/wp\/v2\/product_cat?post=26977"},{"taxonomy":"product_tag","embeddable":true,"href":"https:\/\/www.nordi.ee\/en\/wp-json\/wp\/v2\/product_tag?post=26977"}],"curies":[{"name":"wp","href":"https:\/\/api.w.org\/{rel}","templated":true}]}}