{"id":26967,"date":"2025-11-11T21:19:04","date_gmt":"2025-11-11T19:19:04","guid":{"rendered":"https:\/\/www.nordi.ee\/toode\/laste-kontoritool-gol-roheline\/"},"modified":"2026-04-13T05:06:14","modified_gmt":"2026-04-13T02:06:14","slug":"laste-kontoritool-gol-roheline","status":"publish","type":"product","link":"https:\/\/www.nordi.ee\/en\/toode\/laste-kontoritool-gol-roheline\/","title":{"rendered":"Kontoritool lastele GOL, roheline"},"content":{"rendered":"<p>p\u00f5himehhanism, kummiga kaetud rattad, m\u00f5\u00f5tmed: 39\/52\/75\u00f785 cm, materjal: \u00f6koinahk, v\u00e4rv: roheline<\/p>\n","protected":false},"excerpt":{"rendered":"<p>p\u00f5himehhanism, kummiga kaetud rattad, m\u00f5\u00f5tmed: 39\/52\/75\u00f785 cm, materjal: \u00f6koinahk, v\u00e4rv: roheline<\/p>\n","protected":false},"featured_media":12895,"comment_status":"closed","ping_status":"closed","template":"","meta":{"_gspb_post_css":""},"product_brand":[],"product_cat":[216,4063],"product_tag":[],"class_list":{"0":"post-26967","1":"product","2":"type-product","3":"status-publish","4":"has-post-thumbnail","6":"product_cat-kontor","7":"product_cat-kontoritoolid","8":"pa_istmekorgus-44-54","9":"pa_kaetugi-ilma-kaetugedeta","10":"pa_kandevoime-80-kg","11":"pa_kanga-varv-roheline","12":"pa_korgus-287","13":"pa_laius-396","14":"pa_mehhanism-tavaline","15":"pa_pakkide-arv-226","16":"pa_peatugi-ilma-peatugedeta","17":"pa_ratta-tuup-kumm","18":"pa_stiil-traditsiooniline","19":"pa_sugavus-1322","20":"pa_tooli-materjal-kunstnahk","21":"pa_tuba-lastetuba","22":"pa_vahelaos-ei","24":"first","25":"instock","26":"sale","27":"purchasable","28":"product-type-simple"},"_links":{"self":[{"href":"https:\/\/www.nordi.ee\/en\/wp-json\/wp\/v2\/product\/26967","targetHints":{"allow":["GET"]}}],"collection":[{"href":"https:\/\/www.nordi.ee\/en\/wp-json\/wp\/v2\/product"}],"about":[{"href":"https:\/\/www.nordi.ee\/en\/wp-json\/wp\/v2\/types\/product"}],"replies":[{"embeddable":true,"href":"https:\/\/www.nordi.ee\/en\/wp-json\/wp\/v2\/comments?post=26967"}],"wp:featuredmedia":[{"embeddable":true,"href":"https:\/\/www.nordi.ee\/en\/wp-json\/wp\/v2\/media\/12895"}],"wp:attachment":[{"href":"https:\/\/www.nordi.ee\/en\/wp-json\/wp\/v2\/media?parent=26967"}],"wp:term":[{"taxonomy":"product_brand","embeddable":true,"href":"https:\/\/www.nordi.ee\/en\/wp-json\/wp\/v2\/product_brand?post=26967"},{"taxonomy":"product_cat","embeddable":true,"href":"https:\/\/www.nordi.ee\/en\/wp-json\/wp\/v2\/product_cat?post=26967"},{"taxonomy":"product_tag","embeddable":true,"href":"https:\/\/www.nordi.ee\/en\/wp-json\/wp\/v2\/product_tag?post=26967"}],"curies":[{"name":"wp","href":"https:\/\/api.w.org\/{rel}","templated":true}]}}