{"id":26964,"date":"2025-11-11T21:19:04","date_gmt":"2025-11-11T19:19:04","guid":{"rendered":"https:\/\/www.nordi.ee\/toode\/soogilaud-gloster\/"},"modified":"2026-04-13T05:06:13","modified_gmt":"2026-04-13T02:06:13","slug":"soogilaud-gloster","status":"publish","type":"product","link":"https:\/\/www.nordi.ee\/en\/toode\/soogilaud-gloster\/","title":{"rendered":"S\u00f6\u00f6gilaud GLOSTER"},"content":{"rendered":"<p>m\u00f5\u00f5dud: fi106\/75 cm, materjal: \u00fclemine osa &#8211; lakkeeritud MDF, jalad &#8211; massiivne kummipuu, v\u00e4rv: valge  n* See toode on valmistatud k\u00e4sitsi. V\u00f5ivad esineda v\u00e4ikesed eba\u00fchtlused, mis on osa k\u00e4sit\u00f6\u00f6 toote v\u00f5lust. See on toote unikaalsus ja ei tohiks seda pidada tootmisveaks. Need ei m\u00f5juta toote \u00fcldist esteetikat ega selle kasutusv\u00f5imet.<\/p>\n","protected":false},"excerpt":{"rendered":"<p>m\u00f5\u00f5dud: fi106\/75 cm, materjal: \u00fclemine osa &#8211; lakkeeritud MDF, jalad &#8211; massiivne kummipuu, v\u00e4rv: valge n* See toode on valmistatud k\u00e4sitsi. V\u00f5ivad esineda v\u00e4ikesed eba\u00fchtlused, mis on osa k\u00e4sit\u00f6\u00f6 toote v\u00f5lust. See on toote unikaalsus ja ei tohiks seda pidada tootmisveaks. Need ei m\u00f5juta toote \u00fcldist esteetikat ega selle kasutusv\u00f5imet.<\/p>\n","protected":false},"featured_media":12891,"comment_status":"closed","ping_status":"open","template":"","meta":{"_gspb_post_css":""},"product_brand":[],"product_cat":[190,167],"product_tag":[],"class_list":{"0":"post-26964","1":"product","2":"type-product","3":"status-publish","4":"has-post-thumbnail","6":"product_cat-soogilauad","7":"product_cat-soogituba","8":"pa_jalgade-arv-494","9":"pa_korgus-287","10":"pa_laius-1150","11":"pa_laua-suurus-4-person","12":"pa_laua-varvus-valge","13":"pa_laua-viimistlus-matt","14":"pa_lauaplaadi-kuju-ummargune","15":"pa_lauaplaadi-materjal-lakitud-mdf","16":"pa_pakkide-arv-295","17":"pa_pikendatav-ei","18":"pa_stiil-klassikaline","19":"pa_sugavus-958","20":"pa_vahelaos-ei","21":"pa_varv-valge","23":"first","24":"instock","25":"sale","26":"purchasable","27":"product-type-simple"},"_links":{"self":[{"href":"https:\/\/www.nordi.ee\/en\/wp-json\/wp\/v2\/product\/26964","targetHints":{"allow":["GET"]}}],"collection":[{"href":"https:\/\/www.nordi.ee\/en\/wp-json\/wp\/v2\/product"}],"about":[{"href":"https:\/\/www.nordi.ee\/en\/wp-json\/wp\/v2\/types\/product"}],"replies":[{"embeddable":true,"href":"https:\/\/www.nordi.ee\/en\/wp-json\/wp\/v2\/comments?post=26964"}],"wp:featuredmedia":[{"embeddable":true,"href":"https:\/\/www.nordi.ee\/en\/wp-json\/wp\/v2\/media\/12891"}],"wp:attachment":[{"href":"https:\/\/www.nordi.ee\/en\/wp-json\/wp\/v2\/media?parent=26964"}],"wp:term":[{"taxonomy":"product_brand","embeddable":true,"href":"https:\/\/www.nordi.ee\/en\/wp-json\/wp\/v2\/product_brand?post=26964"},{"taxonomy":"product_cat","embeddable":true,"href":"https:\/\/www.nordi.ee\/en\/wp-json\/wp\/v2\/product_cat?post=26964"},{"taxonomy":"product_tag","embeddable":true,"href":"https:\/\/www.nordi.ee\/en\/wp-json\/wp\/v2\/product_tag?post=26964"}],"curies":[{"name":"wp","href":"https:\/\/api.w.org\/{rel}","templated":true}]}}