{"id":26944,"date":"2025-11-11T21:19:04","date_gmt":"2025-11-11T19:19:04","guid":{"rendered":"https:\/\/www.nordi.ee\/toode\/kohvilaud-gisela-pahkel\/"},"modified":"2026-04-13T05:06:12","modified_gmt":"2026-04-13T02:06:12","slug":"kohvilaud-gisela-pahkel","status":"publish","type":"product","link":"https:\/\/www.nordi.ee\/en\/toode\/kohvilaud-gisela-pahkel\/","title":{"rendered":"Kohvilaud GISELA, p\u00e4hkel"},"content":{"rendered":"<p>m\u00f5\u00f5tmed: 120\/60\/46 cm, materjal: laminaat MDF, v\u00e4rv: p\u00e4hkel<\/p>\n","protected":false},"excerpt":{"rendered":"<p>m\u00f5\u00f5tmed: 120\/60\/46 cm, materjal: laminaat MDF, v\u00e4rv: p\u00e4hkel<\/p>\n","protected":false},"featured_media":12883,"comment_status":"closed","ping_status":"open","template":"","meta":{"_gspb_post_css":""},"product_brand":[],"product_cat":[178,165],"product_tag":[],"class_list":{"0":"post-26944","1":"product","2":"type-product","3":"status-publish","4":"has-post-thumbnail","6":"product_cat-diivanilauad","7":"product_cat-elutuba","8":"pa_korgus-350","9":"pa_laius-310","10":"pa_laua-varvus-pahkel","11":"pa_laua-viimistlus-matt","12":"pa_lauaplaadi-kuju-ovaalne","13":"pa_lauaplaadi-materjal-lamiiniga-kaetud-mdf","14":"pa_pakkide-arv-295","15":"pa_raami-materjal-mdf","16":"pa_raami-varv-pahkel","17":"pa_stiil-kaasaegne","18":"pa_sugavus-1832","19":"pa_vahelaos-ei","20":"pa_varv-pahkel","22":"first","23":"instock","24":"sale","25":"purchasable","26":"product-type-simple"},"_links":{"self":[{"href":"https:\/\/www.nordi.ee\/en\/wp-json\/wp\/v2\/product\/26944","targetHints":{"allow":["GET"]}}],"collection":[{"href":"https:\/\/www.nordi.ee\/en\/wp-json\/wp\/v2\/product"}],"about":[{"href":"https:\/\/www.nordi.ee\/en\/wp-json\/wp\/v2\/types\/product"}],"replies":[{"embeddable":true,"href":"https:\/\/www.nordi.ee\/en\/wp-json\/wp\/v2\/comments?post=26944"}],"wp:featuredmedia":[{"embeddable":true,"href":"https:\/\/www.nordi.ee\/en\/wp-json\/wp\/v2\/media\/12883"}],"wp:attachment":[{"href":"https:\/\/www.nordi.ee\/en\/wp-json\/wp\/v2\/media?parent=26944"}],"wp:term":[{"taxonomy":"product_brand","embeddable":true,"href":"https:\/\/www.nordi.ee\/en\/wp-json\/wp\/v2\/product_brand?post=26944"},{"taxonomy":"product_cat","embeddable":true,"href":"https:\/\/www.nordi.ee\/en\/wp-json\/wp\/v2\/product_cat?post=26944"},{"taxonomy":"product_tag","embeddable":true,"href":"https:\/\/www.nordi.ee\/en\/wp-json\/wp\/v2\/product_tag?post=26944"}],"curies":[{"name":"wp","href":"https:\/\/api.w.org\/{rel}","templated":true}]}}