{"id":26921,"date":"2025-11-11T21:17:38","date_gmt":"2025-11-11T19:17:38","guid":{"rendered":"https:\/\/www.nordi.ee\/toode\/soogilaud-giovani-ummargune-roheline-marmor-must\/"},"modified":"2026-04-13T05:06:10","modified_gmt":"2026-04-13T02:06:10","slug":"soogilaud-giovani-ummargune-roheline-marmor-must","status":"publish","type":"product","link":"https:\/\/www.nordi.ee\/en\/toode\/soogilaud-giovani-ummargune-roheline-marmor-must\/","title":{"rendered":"S\u00f6\u00f6gilaud GIOVANI, \u00fcmmargune \/ roheline marmor \/ must"},"content":{"rendered":"<p>m\u00f5\u00f5tmed: 135\/76\/60 cm; materjal: sintered stone \/ pulberv\u00e4rvitud teras, v\u00e4rv: peal &#8211; roheline marmor, jalad &#8211; must<\/p>\n","protected":false},"excerpt":{"rendered":"<p>m\u00f5\u00f5tmed: 135\/76\/60 cm; materjal: sintered stone \/ pulberv\u00e4rvitud teras, v\u00e4rv: peal &#8211; roheline marmor, jalad &#8211; must<\/p>\n","protected":false},"featured_media":12875,"comment_status":"closed","ping_status":"open","template":"","meta":{"_gspb_post_css":""},"product_brand":[],"product_cat":[190,167],"product_tag":[],"class_list":{"0":"post-26921","1":"product","2":"type-product","3":"status-publish","4":"has-post-thumbnail","6":"product_cat-soogilauad","7":"product_cat-soogituba","8":"pa_jalgade-arv-289","9":"pa_korgus-406","10":"pa_laius-1313","11":"pa_laua-suurus-4-person","12":"pa_laua-varvus-roheline-marmor","13":"pa_laua-viimistlus-laikiv","14":"pa_lauaplaadi-kuju-ummargune","15":"pa_lauaplaadi-materjal-sinter","16":"pa_pakkide-arv-295","17":"pa_pikendatav-ei","18":"pa_raami-materjal-metall","19":"pa_stiil-kaasaegne","20":"pa_sugavus-4126","21":"pa_vahelaos-ei","22":"pa_varv-roheline","23":"pa_varv-must","25":"first","26":"instock","27":"sale","28":"purchasable","29":"product-type-simple"},"_links":{"self":[{"href":"https:\/\/www.nordi.ee\/en\/wp-json\/wp\/v2\/product\/26921","targetHints":{"allow":["GET"]}}],"collection":[{"href":"https:\/\/www.nordi.ee\/en\/wp-json\/wp\/v2\/product"}],"about":[{"href":"https:\/\/www.nordi.ee\/en\/wp-json\/wp\/v2\/types\/product"}],"replies":[{"embeddable":true,"href":"https:\/\/www.nordi.ee\/en\/wp-json\/wp\/v2\/comments?post=26921"}],"wp:featuredmedia":[{"embeddable":true,"href":"https:\/\/www.nordi.ee\/en\/wp-json\/wp\/v2\/media\/12875"}],"wp:attachment":[{"href":"https:\/\/www.nordi.ee\/en\/wp-json\/wp\/v2\/media?parent=26921"}],"wp:term":[{"taxonomy":"product_brand","embeddable":true,"href":"https:\/\/www.nordi.ee\/en\/wp-json\/wp\/v2\/product_brand?post=26921"},{"taxonomy":"product_cat","embeddable":true,"href":"https:\/\/www.nordi.ee\/en\/wp-json\/wp\/v2\/product_cat?post=26921"},{"taxonomy":"product_tag","embeddable":true,"href":"https:\/\/www.nordi.ee\/en\/wp-json\/wp\/v2\/product_tag?post=26921"}],"curies":[{"name":"wp","href":"https:\/\/api.w.org\/{rel}","templated":true}]}}