{"id":26910,"date":"2025-11-11T21:17:38","date_gmt":"2025-11-11T19:17:38","guid":{"rendered":"https:\/\/www.nordi.ee\/toode\/soogilaud-ginter-ummargune-must\/"},"modified":"2026-04-13T05:06:09","modified_gmt":"2026-04-13T02:06:09","slug":"soogilaud-ginter-ummargune-must","status":"publish","type":"product","link":"https:\/\/www.nordi.ee\/en\/toode\/soogilaud-ginter-ummargune-must\/","title":{"rendered":"S\u00f6\u00f6gilaud GINTER, \u00fcmmargune \/ must"},"content":{"rendered":"<p>m\u00f5\u00f5tmed: diameeter 120\/77 cm, materjal: laminaat MDF, v\u00e4rv: must<\/p>\n","protected":false},"excerpt":{"rendered":"<p>m\u00f5\u00f5tmed: diameeter 120\/77 cm, materjal: laminaat MDF, v\u00e4rv: must<\/p>\n","protected":false},"featured_media":12871,"comment_status":"closed","ping_status":"open","template":"","meta":{"_gspb_post_css":""},"product_brand":[],"product_cat":[190,167],"product_tag":[],"class_list":{"0":"post-26910","1":"product","2":"type-product","3":"status-publish","4":"has-post-thumbnail","6":"product_cat-soogilauad","7":"product_cat-soogituba","8":"pa_jalgade-arv-494","9":"pa_korgus-505","10":"pa_laius-286","11":"pa_laua-suurus-5-person","12":"pa_laua-varvus-must","13":"pa_laua-viimistlus-matt","14":"pa_lauaplaadi-kuju-ummargune","15":"pa_lauaplaadi-materjal-lamiiniga-kaetud-mdf","16":"pa_pakkide-arv-295","17":"pa_pikendatav-ei","18":"pa_raami-materjal-mdf","19":"pa_stiil-kaasaegne","20":"pa_sugavus-1832","21":"pa_vahelaos-jah","22":"pa_varv-must","24":"first","25":"instock","26":"sale","27":"purchasable","28":"product-type-simple"},"_links":{"self":[{"href":"https:\/\/www.nordi.ee\/en\/wp-json\/wp\/v2\/product\/26910","targetHints":{"allow":["GET"]}}],"collection":[{"href":"https:\/\/www.nordi.ee\/en\/wp-json\/wp\/v2\/product"}],"about":[{"href":"https:\/\/www.nordi.ee\/en\/wp-json\/wp\/v2\/types\/product"}],"replies":[{"embeddable":true,"href":"https:\/\/www.nordi.ee\/en\/wp-json\/wp\/v2\/comments?post=26910"}],"wp:featuredmedia":[{"embeddable":true,"href":"https:\/\/www.nordi.ee\/en\/wp-json\/wp\/v2\/media\/12871"}],"wp:attachment":[{"href":"https:\/\/www.nordi.ee\/en\/wp-json\/wp\/v2\/media?parent=26910"}],"wp:term":[{"taxonomy":"product_brand","embeddable":true,"href":"https:\/\/www.nordi.ee\/en\/wp-json\/wp\/v2\/product_brand?post=26910"},{"taxonomy":"product_cat","embeddable":true,"href":"https:\/\/www.nordi.ee\/en\/wp-json\/wp\/v2\/product_cat?post=26910"},{"taxonomy":"product_tag","embeddable":true,"href":"https:\/\/www.nordi.ee\/en\/wp-json\/wp\/v2\/product_tag?post=26910"}],"curies":[{"name":"wp","href":"https:\/\/api.w.org\/{rel}","templated":true}]}}