{"id":26839,"date":"2025-11-11T21:15:34","date_gmt":"2025-11-11T19:15:34","guid":{"rendered":"https:\/\/www.nordi.ee\/toode\/diivan-gerson-tumbaga-hall\/"},"modified":"2026-04-13T05:06:02","modified_gmt":"2026-04-13T02:06:02","slug":"diivan-garson-tumbaga-hall","status":"publish","type":"product","link":"https:\/\/www.nordi.ee\/en\/toode\/diivan-garson-tumbaga-hall\/","title":{"rendered":"Diivan GARSON, tumbaga \/ hall"},"content":{"rendered":"<p>m\u00f5\u00f5tmed: 180\/130\/80 cm, diivan koos ottomaniga, materjal: kangas \/ pol\u00fcprop\u00fcleen, v\u00e4rv: hall<\/p>\n","protected":false},"excerpt":{"rendered":"<p>m\u00f5\u00f5tmed: 180\/130\/80 cm, diivan koos ottomaniga, materjal: kangas \/ pol\u00fcprop\u00fcleen, v\u00e4rv: hall<\/p>\n","protected":false},"featured_media":12839,"comment_status":"closed","ping_status":"closed","template":"","meta":{"_gspb_post_css":""},"product_brand":[],"product_cat":[202,215],"product_tag":[],"class_list":{"0":"post-26839","1":"product","2":"type-product","3":"status-publish","4":"has-post-thumbnail","6":"product_cat-diivanid","7":"product_cat-pehme-moobel","8":"pa_jalgade-raami-materjal-polupropuleen","9":"pa_jalgade-raami-varv-must","10":"pa_kanga-tuup-kangas","11":"pa_kanga-varv-hall","12":"pa_korgus-910","13":"pa_laius-1300","14":"pa_lisafunktsioonid-jari","15":"pa_pakkide-arv-226","16":"pa_stiil-traditsiooniline","17":"pa_sugavus-1301","18":"pa_vahelaos-ei","19":"pa_varv-hall","21":"first","22":"instock","23":"sale","24":"purchasable","25":"product-type-simple"},"_links":{"self":[{"href":"https:\/\/www.nordi.ee\/en\/wp-json\/wp\/v2\/product\/26839","targetHints":{"allow":["GET"]}}],"collection":[{"href":"https:\/\/www.nordi.ee\/en\/wp-json\/wp\/v2\/product"}],"about":[{"href":"https:\/\/www.nordi.ee\/en\/wp-json\/wp\/v2\/types\/product"}],"replies":[{"embeddable":true,"href":"https:\/\/www.nordi.ee\/en\/wp-json\/wp\/v2\/comments?post=26839"}],"wp:featuredmedia":[{"embeddable":true,"href":"https:\/\/www.nordi.ee\/en\/wp-json\/wp\/v2\/media\/12839"}],"wp:attachment":[{"href":"https:\/\/www.nordi.ee\/en\/wp-json\/wp\/v2\/media?parent=26839"}],"wp:term":[{"taxonomy":"product_brand","embeddable":true,"href":"https:\/\/www.nordi.ee\/en\/wp-json\/wp\/v2\/product_brand?post=26839"},{"taxonomy":"product_cat","embeddable":true,"href":"https:\/\/www.nordi.ee\/en\/wp-json\/wp\/v2\/product_cat?post=26839"},{"taxonomy":"product_tag","embeddable":true,"href":"https:\/\/www.nordi.ee\/en\/wp-json\/wp\/v2\/product_tag?post=26839"}],"curies":[{"name":"wp","href":"https:\/\/api.w.org\/{rel}","templated":true}]}}