{"id":26804,"date":"2025-11-11T21:13:57","date_gmt":"2025-11-11T19:13:57","guid":{"rendered":"https:\/\/www.nordi.ee\/toode\/kohvilaud-genesis-valge-marmor-pahkel-kuld\/"},"modified":"2026-04-13T05:05:59","modified_gmt":"2026-04-13T02:05:59","slug":"kohvilaud-genesis-valge-marmor-pahkel-kuld","status":"publish","type":"product","link":"https:\/\/www.nordi.ee\/en\/toode\/kohvilaud-genesis-valge-marmor-pahkel-kuld\/","title":{"rendered":"Kohvilaud GENESIS, valge marmor \/ p\u00e4hkel \/ kuld"},"content":{"rendered":"<p>m\u00f5\u00f5tmed: \u00d8 70\/43 cm, materjal: keraamika \/ v\u00e4rvitud teras, v\u00e4rv: valge marmor \/ p\u00e4hklipuu \/ kuld<\/p>\n","protected":false},"excerpt":{"rendered":"<p>m\u00f5\u00f5tmed: \u00d8 70\/43 cm, materjal: keraamika \/ v\u00e4rvitud teras, v\u00e4rv: valge marmor \/ p\u00e4hklipuu \/ kuld<\/p>\n","protected":false},"featured_media":12825,"comment_status":"closed","ping_status":"open","template":"","meta":{"_gspb_post_css":""},"product_brand":[],"product_cat":[178,165],"product_tag":[],"class_list":{"0":"post-26804","1":"product","2":"type-product","3":"status-publish","4":"has-post-thumbnail","6":"product_cat-diivanilauad","7":"product_cat-elutuba","8":"pa_korgus-824","9":"pa_laius-427","10":"pa_laua-varvus-valge-marmor","11":"pa_laua-viimistlus-laikiv","12":"pa_lauaplaadi-kuju-ummargune","13":"pa_lauaplaadi-materjal-keraamika","14":"pa_pakkide-arv-295","15":"pa_raami-materjal-metall","16":"pa_raami-varv-kuldne","17":"pa_raami-varv-pahkel","18":"pa_stiil-glamuur","19":"pa_stiil-moodne","20":"pa_sugavus-268","21":"pa_vahelaos-jah","22":"pa_varv-kuldne","23":"pa_varv-marmor","24":"pa_varv-pahkel","26":"first","27":"instock","28":"sale","29":"purchasable","30":"product-type-simple"},"_links":{"self":[{"href":"https:\/\/www.nordi.ee\/en\/wp-json\/wp\/v2\/product\/26804","targetHints":{"allow":["GET"]}}],"collection":[{"href":"https:\/\/www.nordi.ee\/en\/wp-json\/wp\/v2\/product"}],"about":[{"href":"https:\/\/www.nordi.ee\/en\/wp-json\/wp\/v2\/types\/product"}],"replies":[{"embeddable":true,"href":"https:\/\/www.nordi.ee\/en\/wp-json\/wp\/v2\/comments?post=26804"}],"wp:featuredmedia":[{"embeddable":true,"href":"https:\/\/www.nordi.ee\/en\/wp-json\/wp\/v2\/media\/12825"}],"wp:attachment":[{"href":"https:\/\/www.nordi.ee\/en\/wp-json\/wp\/v2\/media?parent=26804"}],"wp:term":[{"taxonomy":"product_brand","embeddable":true,"href":"https:\/\/www.nordi.ee\/en\/wp-json\/wp\/v2\/product_brand?post=26804"},{"taxonomy":"product_cat","embeddable":true,"href":"https:\/\/www.nordi.ee\/en\/wp-json\/wp\/v2\/product_cat?post=26804"},{"taxonomy":"product_tag","embeddable":true,"href":"https:\/\/www.nordi.ee\/en\/wp-json\/wp\/v2\/product_tag?post=26804"}],"curies":[{"name":"wp","href":"https:\/\/api.w.org\/{rel}","templated":true}]}}