{"id":26776,"date":"2025-11-11T21:11:56","date_gmt":"2025-11-11T19:11:56","guid":{"rendered":"https:\/\/www.nordi.ee\/toode\/gelato-puhketool-beez\/"},"modified":"2026-04-13T05:05:57","modified_gmt":"2026-04-13T02:05:57","slug":"tugitool-gelto-elektriline-recliner-beez","status":"publish","type":"product","link":"https:\/\/www.nordi.ee\/en\/toode\/tugitool-gelto-elektriline-recliner-beez\/","title":{"rendered":"Tugitool GELOT elektrilne recliner, bee\u017e"},"content":{"rendered":"<p>m\u00f5\u00f5tmed: 83\/91-161\/109-95\/48-53 cm, elektriline lamamistoode, materjal: kangas, v\u00e4rv: beez<\/p>\n","protected":false},"excerpt":{"rendered":"<p>m\u00f5\u00f5tmed: 83\/91-161\/109-95\/48-53 cm, elektriline lamamistoode, materjal: kangas, v\u00e4rv: beez<\/p>\n","protected":false},"featured_media":12813,"comment_status":"closed","ping_status":"closed","template":"","meta":{"_gspb_post_css":""},"product_brand":[],"product_cat":[215,188],"product_tag":[],"class_list":{"0":"post-26776","1":"product","2":"type-product","3":"status-publish","4":"has-post-thumbnail","6":"product_cat-pehme-moobel","7":"product_cat-tugitoolid","8":"pa_istmekorgus-48-53","9":"pa_kanga-tuup-kangas","10":"pa_kanga-varv-beez","11":"pa_korgus-411","12":"pa_laius-1290","13":"pa_lisafunktsioonid-recliner-funktsioon","14":"pa_pakkide-arv-295","15":"pa_stiil-traditsiooniline","16":"pa_sugavus-4174","17":"pa_vahelaos-jah","18":"pa_varv-beez","20":"first","21":"instock","22":"sale","23":"purchasable","24":"product-type-simple"},"_links":{"self":[{"href":"https:\/\/www.nordi.ee\/en\/wp-json\/wp\/v2\/product\/26776","targetHints":{"allow":["GET"]}}],"collection":[{"href":"https:\/\/www.nordi.ee\/en\/wp-json\/wp\/v2\/product"}],"about":[{"href":"https:\/\/www.nordi.ee\/en\/wp-json\/wp\/v2\/types\/product"}],"replies":[{"embeddable":true,"href":"https:\/\/www.nordi.ee\/en\/wp-json\/wp\/v2\/comments?post=26776"}],"wp:featuredmedia":[{"embeddable":true,"href":"https:\/\/www.nordi.ee\/en\/wp-json\/wp\/v2\/media\/12813"}],"wp:attachment":[{"href":"https:\/\/www.nordi.ee\/en\/wp-json\/wp\/v2\/media?parent=26776"}],"wp:term":[{"taxonomy":"product_brand","embeddable":true,"href":"https:\/\/www.nordi.ee\/en\/wp-json\/wp\/v2\/product_brand?post=26776"},{"taxonomy":"product_cat","embeddable":true,"href":"https:\/\/www.nordi.ee\/en\/wp-json\/wp\/v2\/product_cat?post=26776"},{"taxonomy":"product_tag","embeddable":true,"href":"https:\/\/www.nordi.ee\/en\/wp-json\/wp\/v2\/product_tag?post=26776"}],"curies":[{"name":"wp","href":"https:\/\/api.w.org\/{rel}","templated":true}]}}