{"id":26770,"date":"2025-11-11T21:11:56","date_gmt":"2025-11-11T19:11:56","guid":{"rendered":"https:\/\/www.nordi.ee\/toode\/tool-gavin-pahkel-must\/"},"modified":"2026-04-13T05:05:56","modified_gmt":"2026-04-13T02:05:56","slug":"tool-gavin-pahkel-must","status":"publish","type":"product","link":"https:\/\/www.nordi.ee\/en\/toode\/tool-gavin-pahkel-must\/","title":{"rendered":"Kontoritool GAVIN, p\u00e4hkel \/ must"},"content":{"rendered":"<p>m\u00f5\u00f5tmed: 60\/65\/90-100\/45-55 cm, TILT mehhanism, kaardetud vineer \/ \u00f6kotohvel, v\u00e4rv: p\u00e4hkel \/ must<\/p>\n","protected":false},"excerpt":{"rendered":"<p>m\u00f5\u00f5tmed: 60\/65\/90-100\/45-55 cm, TILT mehhanism, kaardetud vineer \/ \u00f6kotohvel, v\u00e4rv: p\u00e4hkel \/ must<\/p>\n","protected":false},"featured_media":12809,"comment_status":"closed","ping_status":"closed","template":"","meta":{"_gspb_post_css":""},"product_brand":[],"product_cat":[216,4063],"product_tag":[],"class_list":{"0":"post-26770","1":"product","2":"type-product","3":"status-publish","4":"has-post-thumbnail","6":"product_cat-kontor","7":"product_cat-kontoritoolid","8":"pa_istmekorgus-45-55","9":"pa_kaetugi-ilma-kaetugedeta","10":"pa_kandevoime-100-kg","11":"pa_kanga-varv-must","12":"pa_korgus-678","13":"pa_laius-310","14":"pa_mehhanism-kallutus","15":"pa_pakkide-arv-226","16":"pa_peatugi-ilma-peatugedeta","17":"pa_ratta-tuup-normaalne","18":"pa_stiil-klassikaline","19":"pa_stiil-modernne","20":"pa_sugavus-563","21":"pa_tooli-materjal-kunstnahk","22":"pa_tuba-kapp","23":"pa_vahelaos-ei","24":"pa_varv-must","25":"pa_varv-pahkel","27":"first","28":"instock","29":"sale","30":"purchasable","31":"product-type-simple"},"_links":{"self":[{"href":"https:\/\/www.nordi.ee\/en\/wp-json\/wp\/v2\/product\/26770","targetHints":{"allow":["GET"]}}],"collection":[{"href":"https:\/\/www.nordi.ee\/en\/wp-json\/wp\/v2\/product"}],"about":[{"href":"https:\/\/www.nordi.ee\/en\/wp-json\/wp\/v2\/types\/product"}],"replies":[{"embeddable":true,"href":"https:\/\/www.nordi.ee\/en\/wp-json\/wp\/v2\/comments?post=26770"}],"wp:featuredmedia":[{"embeddable":true,"href":"https:\/\/www.nordi.ee\/en\/wp-json\/wp\/v2\/media\/12809"}],"wp:attachment":[{"href":"https:\/\/www.nordi.ee\/en\/wp-json\/wp\/v2\/media?parent=26770"}],"wp:term":[{"taxonomy":"product_brand","embeddable":true,"href":"https:\/\/www.nordi.ee\/en\/wp-json\/wp\/v2\/product_brand?post=26770"},{"taxonomy":"product_cat","embeddable":true,"href":"https:\/\/www.nordi.ee\/en\/wp-json\/wp\/v2\/product_cat?post=26770"},{"taxonomy":"product_tag","embeddable":true,"href":"https:\/\/www.nordi.ee\/en\/wp-json\/wp\/v2\/product_tag?post=26770"}],"curies":[{"name":"wp","href":"https:\/\/api.w.org\/{rel}","templated":true}]}}