{"id":26731,"date":"2025-11-11T21:10:09","date_gmt":"2025-11-11T19:10:09","guid":{"rendered":"https:\/\/www.nordi.ee\/toode\/gaspar-2-puhketool-beez\/"},"modified":"2026-04-13T05:05:53","modified_gmt":"2026-04-13T02:05:53","slug":"tugitool-gasper-beez","status":"publish","type":"product","link":"https:\/\/www.nordi.ee\/en\/toode\/tugitool-gasper-beez\/","title":{"rendered":"Tugitool GASPER, bee\u017e"},"content":{"rendered":"<p>m\u00f5\u00f5tmed: 90\/95\/60 cm; materjal: kangas, v\u00e4rv: bee\u017e<\/p>\n","protected":false},"excerpt":{"rendered":"<p>m\u00f5\u00f5tmed: 90\/95\/60 cm; materjal: kangas, v\u00e4rv: bee\u017e<\/p>\n","protected":false},"featured_media":12793,"comment_status":"closed","ping_status":"closed","template":"","meta":{"_gspb_post_css":""},"product_brand":[],"product_cat":[215,188],"product_tag":[],"class_list":{"0":"post-26731","1":"product","2":"type-product","3":"status-publish","4":"has-post-thumbnail","6":"product_cat-pehme-moobel","7":"product_cat-tugitoolid","8":"pa_kanga-tuup-kangas","9":"pa_kanga-varv-beez","10":"pa_korgus-1121","11":"pa_laius-349","12":"pa_pakkide-arv-295","13":"pa_stiil-kaasaegne","14":"pa_sugavus-1284","15":"pa_vahelaos-ei","16":"pa_varv-beez","18":"first","19":"instock","20":"sale","21":"purchasable","22":"product-type-simple"},"_links":{"self":[{"href":"https:\/\/www.nordi.ee\/en\/wp-json\/wp\/v2\/product\/26731","targetHints":{"allow":["GET"]}}],"collection":[{"href":"https:\/\/www.nordi.ee\/en\/wp-json\/wp\/v2\/product"}],"about":[{"href":"https:\/\/www.nordi.ee\/en\/wp-json\/wp\/v2\/types\/product"}],"replies":[{"embeddable":true,"href":"https:\/\/www.nordi.ee\/en\/wp-json\/wp\/v2\/comments?post=26731"}],"wp:featuredmedia":[{"embeddable":true,"href":"https:\/\/www.nordi.ee\/en\/wp-json\/wp\/v2\/media\/12793"}],"wp:attachment":[{"href":"https:\/\/www.nordi.ee\/en\/wp-json\/wp\/v2\/media?parent=26731"}],"wp:term":[{"taxonomy":"product_brand","embeddable":true,"href":"https:\/\/www.nordi.ee\/en\/wp-json\/wp\/v2\/product_brand?post=26731"},{"taxonomy":"product_cat","embeddable":true,"href":"https:\/\/www.nordi.ee\/en\/wp-json\/wp\/v2\/product_cat?post=26731"},{"taxonomy":"product_tag","embeddable":true,"href":"https:\/\/www.nordi.ee\/en\/wp-json\/wp\/v2\/product_tag?post=26731"}],"curies":[{"name":"wp","href":"https:\/\/api.w.org\/{rel}","templated":true}]}}