{"id":26700,"date":"2025-11-11T21:08:02","date_gmt":"2025-11-11T19:08:02","guid":{"rendered":"https:\/\/www.nordi.ee\/toode\/soogilaud-garet-ummargune-valge-marmor-must\/"},"modified":"2026-04-13T05:05:50","modified_gmt":"2026-04-13T02:05:50","slug":"soogilaud-garet-ummargune-valge-marmor-must","status":"publish","type":"product","link":"https:\/\/www.nordi.ee\/en\/toode\/soogilaud-garet-ummargune-valge-marmor-must\/","title":{"rendered":"S\u00f6\u00f6gilaud GARET, \u00fcmmargune \/ valge marmor \/ must"},"content":{"rendered":"<p>m\u00f5\u00f5tmed: fi120\/76 cm, materjal: sinterdatud kivi \/ pulberkattega teras, v\u00e4rv: pind &#8211; valge marmor, jalad &#8211; must<\/p>\n","protected":false},"excerpt":{"rendered":"<p>m\u00f5\u00f5tmed: fi120\/76 cm, materjal: sinterdatud kivi \/ pulberkattega teras, v\u00e4rv: pind &#8211; valge marmor, jalad &#8211; must<\/p>\n","protected":false},"featured_media":12777,"comment_status":"closed","ping_status":"open","template":"","meta":{"_gspb_post_css":""},"product_brand":[],"product_cat":[190,167],"product_tag":[],"class_list":{"0":"post-26700","1":"product","2":"type-product","3":"status-publish","4":"has-post-thumbnail","6":"product_cat-soogilauad","7":"product_cat-soogituba","8":"pa_jalgade-arv-494","9":"pa_korgus-406","10":"pa_laius-286","11":"pa_laua-suurus-4-person","12":"pa_laua-varvus-valge","13":"pa_laua-varvus-valge-marmor","14":"pa_laua-viimistlus-laikiv","15":"pa_lauaplaadi-kuju-ummargune","16":"pa_lauaplaadi-materjal-sinter","17":"pa_pakkide-arv-295","18":"pa_pikendatav-ei","19":"pa_raami-materjal-metall","20":"pa_stiil-kaasaegne","21":"pa_sugavus-1832","22":"pa_vahelaos-ei","23":"pa_varv-marmor","24":"pa_varv-must","26":"first","27":"instock","28":"sale","29":"purchasable","30":"product-type-simple"},"_links":{"self":[{"href":"https:\/\/www.nordi.ee\/en\/wp-json\/wp\/v2\/product\/26700","targetHints":{"allow":["GET"]}}],"collection":[{"href":"https:\/\/www.nordi.ee\/en\/wp-json\/wp\/v2\/product"}],"about":[{"href":"https:\/\/www.nordi.ee\/en\/wp-json\/wp\/v2\/types\/product"}],"replies":[{"embeddable":true,"href":"https:\/\/www.nordi.ee\/en\/wp-json\/wp\/v2\/comments?post=26700"}],"wp:featuredmedia":[{"embeddable":true,"href":"https:\/\/www.nordi.ee\/en\/wp-json\/wp\/v2\/media\/12777"}],"wp:attachment":[{"href":"https:\/\/www.nordi.ee\/en\/wp-json\/wp\/v2\/media?parent=26700"}],"wp:term":[{"taxonomy":"product_brand","embeddable":true,"href":"https:\/\/www.nordi.ee\/en\/wp-json\/wp\/v2\/product_brand?post=26700"},{"taxonomy":"product_cat","embeddable":true,"href":"https:\/\/www.nordi.ee\/en\/wp-json\/wp\/v2\/product_cat?post=26700"},{"taxonomy":"product_tag","embeddable":true,"href":"https:\/\/www.nordi.ee\/en\/wp-json\/wp\/v2\/product_tag?post=26700"}],"curies":[{"name":"wp","href":"https:\/\/api.w.org\/{rel}","templated":true}]}}