{"id":26629,"date":"2025-11-11T21:06:35","date_gmt":"2025-11-11T19:06:35","guid":{"rendered":"https:\/\/www.nordi.ee\/toode\/frost-o-tool-valge\/"},"modified":"2026-04-13T05:05:39","modified_gmt":"2026-04-13T02:05:39","slug":"frost-o-tool-valge","status":"publish","type":"product","link":"https:\/\/www.nordi.ee\/en\/toode\/frost-o-tool-valge\/","title":{"rendered":"Kontoritool FROST, valge"},"content":{"rendered":"<p>m\u00f5\u00f5tmed: 58\/55\/78-88\/43-53 cm, lihtne mehhanism, eco nahk \/ pol\u00fcprop\u00fcleen, v\u00e4rv: valge<\/p>\n","protected":false},"excerpt":{"rendered":"<p>m\u00f5\u00f5tmed: 58\/55\/78-88\/43-53 cm, lihtne mehhanism, eco nahk \/ pol\u00fcprop\u00fcleen, v\u00e4rv: valge<\/p>\n","protected":false},"featured_media":12747,"comment_status":"closed","ping_status":"closed","template":"","meta":{"_gspb_post_css":""},"product_brand":[],"product_cat":[216,4063],"product_tag":[],"class_list":{"0":"post-26629","1":"product","2":"type-product","3":"status-publish","4":"has-post-thumbnail","6":"product_cat-kontor","7":"product_cat-kontoritoolid","8":"pa_istmekorgus-43-53","9":"pa_kaetugi-fikseeritud-kaetugi","10":"pa_kandevoime-100-kg","11":"pa_kanga-varv-valge","12":"pa_korgus-766","13":"pa_laius-777","14":"pa_mehhanism-tavaline","15":"pa_pakkide-arv-226","16":"pa_peatugi-ilma-peatugedeta","17":"pa_ratta-tuup-normaalne","18":"pa_stiil-moodne","19":"pa_stiil-skandinaavia","20":"pa_sugavus-539","21":"pa_tooli-materjal-kunstnahk","22":"pa_tooli-materjal-polupropuleen","23":"pa_tuba-lastetool","24":"pa_tuba-lastetuba","25":"pa_vahelaos-ei","26":"pa_varv-valge","28":"first","29":"instock","30":"sale","31":"purchasable","32":"product-type-simple"},"_links":{"self":[{"href":"https:\/\/www.nordi.ee\/en\/wp-json\/wp\/v2\/product\/26629","targetHints":{"allow":["GET"]}}],"collection":[{"href":"https:\/\/www.nordi.ee\/en\/wp-json\/wp\/v2\/product"}],"about":[{"href":"https:\/\/www.nordi.ee\/en\/wp-json\/wp\/v2\/types\/product"}],"replies":[{"embeddable":true,"href":"https:\/\/www.nordi.ee\/en\/wp-json\/wp\/v2\/comments?post=26629"}],"wp:featuredmedia":[{"embeddable":true,"href":"https:\/\/www.nordi.ee\/en\/wp-json\/wp\/v2\/media\/12747"}],"wp:attachment":[{"href":"https:\/\/www.nordi.ee\/en\/wp-json\/wp\/v2\/media?parent=26629"}],"wp:term":[{"taxonomy":"product_brand","embeddable":true,"href":"https:\/\/www.nordi.ee\/en\/wp-json\/wp\/v2\/product_brand?post=26629"},{"taxonomy":"product_cat","embeddable":true,"href":"https:\/\/www.nordi.ee\/en\/wp-json\/wp\/v2\/product_cat?post=26629"},{"taxonomy":"product_tag","embeddable":true,"href":"https:\/\/www.nordi.ee\/en\/wp-json\/wp\/v2\/product_tag?post=26629"}],"curies":[{"name":"wp","href":"https:\/\/api.w.org\/{rel}","templated":true}]}}