{"id":26499,"date":"2025-11-11T21:00:59","date_gmt":"2025-11-11T19:00:59","guid":{"rendered":"https:\/\/www.nordi.ee\/toode\/soogilaud-fondi\/"},"modified":"2026-04-13T05:05:18","modified_gmt":"2026-04-13T02:05:18","slug":"soogilaud-fondi","status":"publish","type":"product","link":"https:\/\/www.nordi.ee\/en\/toode\/soogilaud-fondi\/","title":{"rendered":"S\u00f6\u00f6gilaud FONDI"},"content":{"rendered":"<p>m\u00f5\u00f5tmed: fi80\/75 cm, materjal: lakitud MDF \/ pulberkattega teras, v\u00e4rv: must matt<\/p>\n","protected":false},"excerpt":{"rendered":"<p>m\u00f5\u00f5tmed: fi80\/75 cm, materjal: lakitud MDF \/ pulberkattega teras, v\u00e4rv: must matt<\/p>\n","protected":false},"featured_media":12685,"comment_status":"closed","ping_status":"open","template":"","meta":{"_gspb_post_css":""},"product_brand":[],"product_cat":[190,167],"product_tag":[],"class_list":{"0":"post-26499","1":"product","2":"type-product","3":"status-publish","4":"has-post-thumbnail","6":"product_cat-soogilauad","7":"product_cat-soogituba","8":"pa_jalgade-arv-289","9":"pa_korgus-287","10":"pa_laius-353","11":"pa_laua-suurus-3-person","12":"pa_laua-varvus-must","13":"pa_laua-viimistlus-matt","14":"pa_lauaplaadi-kuju-ummargune","15":"pa_lauaplaadi-materjal-lakitud-mdf","16":"pa_pakkide-arv-226","17":"pa_pikendatav-ei","18":"pa_raami-materjal-metall","19":"pa_stiil-kaasaegne","20":"pa_sugavus-475","21":"pa_vahelaos-jah","22":"pa_varv-must","24":"first","25":"instock","26":"sale","27":"purchasable","28":"product-type-simple"},"_links":{"self":[{"href":"https:\/\/www.nordi.ee\/en\/wp-json\/wp\/v2\/product\/26499","targetHints":{"allow":["GET"]}}],"collection":[{"href":"https:\/\/www.nordi.ee\/en\/wp-json\/wp\/v2\/product"}],"about":[{"href":"https:\/\/www.nordi.ee\/en\/wp-json\/wp\/v2\/types\/product"}],"replies":[{"embeddable":true,"href":"https:\/\/www.nordi.ee\/en\/wp-json\/wp\/v2\/comments?post=26499"}],"wp:featuredmedia":[{"embeddable":true,"href":"https:\/\/www.nordi.ee\/en\/wp-json\/wp\/v2\/media\/12685"}],"wp:attachment":[{"href":"https:\/\/www.nordi.ee\/en\/wp-json\/wp\/v2\/media?parent=26499"}],"wp:term":[{"taxonomy":"product_brand","embeddable":true,"href":"https:\/\/www.nordi.ee\/en\/wp-json\/wp\/v2\/product_brand?post=26499"},{"taxonomy":"product_cat","embeddable":true,"href":"https:\/\/www.nordi.ee\/en\/wp-json\/wp\/v2\/product_cat?post=26499"},{"taxonomy":"product_tag","embeddable":true,"href":"https:\/\/www.nordi.ee\/en\/wp-json\/wp\/v2\/product_tag?post=26499"}],"curies":[{"name":"wp","href":"https:\/\/api.w.org\/{rel}","templated":true}]}}